{"id":4989,"date":"2017-05-08T15:38:46","date_gmt":"2017-05-08T13:38:46","guid":{"rendered":"https:\/\/foster-little.com\/home-2017\/"},"modified":"2017-09-26T19:24:25","modified_gmt":"2017-09-26T17:24:25","slug":"home-2017","status":"publish","type":"page","link":"https:\/\/foster-little.com\/en\/","title":{"rendered":"home 2017"},"content":{"rendered":"<p>[et_pb_section bb_built=&#8221;1&#8243; admin_label=&#8221;section&#8221; fullwidth=&#8221;on&#8221;][et_pb_fullwidth_slider admin_label=&#8221;Fullwidth Slider&#8221; header_font=&#8221;|on|||&#8221; header_font_size=&#8221;20&#8243; custom_button=&#8221;on&#8221; button_text_color=&#8221;#ffffff&#8221; button_bg_color=&#8221;#679810&#8243; button_border_color=&#8221;#ffffff&#8221; button_icon=&#8221;%%52%%&#8221; button_icon_color=&#8221;#ffffff&#8221; show_arrows=&#8221;on&#8221; show_pagination=&#8221;on&#8221; auto=&#8221;off&#8221; auto_ignore_hover=&#8221;off&#8221; parallax=&#8221;off&#8221; parallax_method=&#8221;off&#8221; remove_inner_shadow=&#8221;off&#8221; background_position=&#8221;default&#8221; background_size=&#8221;default&#8221; hide_content_on_mobile=&#8221;off&#8221; hide_cta_on_mobile=&#8221;off&#8221; show_image_video_mobile=&#8221;off&#8221; button_letter_spacing=&#8221;0&#8243; button_use_icon=&#8221;default&#8221; button_icon_placement=&#8221;right&#8221; button_on_hover=&#8221;on&#8221; button_letter_spacing_hover=&#8221;0&#8243;]<\/p>\n<p>[et_pb_slide heading=&#8221;Foster &amp; Little&#8221; button_text=&#8221;More information &#8221; button_link=&#8221;#&#8221; background_image=&#8221;https:\/\/health.foster-little.com\/wp-content\/uploads\/2011\/10\/Banner-Healtcare-2017.jpg&#8221; background_color=&#8221;#f7f7f7&#8243; use_bg_overlay=&#8221;off&#8221; use_text_overlay=&#8221;on&#8221; header_font=&#8221;||||&#8221; header_font_size=&#8221;25&#8243; header_font_size_tablet=&#8221;30&#8243; header_font_size_phone=&#8221;30&#8243; body_font=&#8221;||||&#8221; background_position=&#8221;default&#8221; background_size=&#8221;default&#8221; alignment=&#8221;center&#8221; background_layout=&#8221;dark&#8221; allow_player_pause=&#8221;off&#8221; text_border_radius=&#8221;3&#8243; header_font_select=&#8221;default&#8221; body_font_select=&#8221;default&#8221; custom_button=&#8221;off&#8221; button_font_select=&#8221;default&#8221; button_font=&#8221;||||&#8221; button_use_icon=&#8221;default&#8221; button_icon_placement=&#8221;right&#8221; button_on_hover=&#8221;on&#8221;]<\/p>\n<p style=\"text-align: center;\">Training for business solutions that enable employees to reach their potential and to give meaning to their work&#8230;.<\/p>\n<p>[\/et_pb_slide]<\/p>\n<p>[\/et_pb_fullwidth_slider][\/et_pb_section][et_pb_section bb_built=&#8221;1&#8243; admin_label=&#8221;section&#8221;][et_pb_row admin_label=&#8221;Ligne&#8221; make_fullwidth=&#8221;off&#8221; use_custom_width=&#8221;off&#8221; width_unit=&#8221;on&#8221; use_custom_gutter=&#8221;off&#8221; allow_player_pause=&#8221;off&#8221; parallax=&#8221;off&#8221; parallax_method=&#8221;off&#8221; make_equal=&#8221;off&#8221; parallax_1=&#8221;off&#8221; parallax_method_1=&#8221;off&#8221; parallax_2=&#8221;off&#8221; parallax_method_2=&#8221;off&#8221; parallax_3=&#8221;off&#8221; parallax_method_3=&#8221;off&#8221;][et_pb_column type=&#8221;1_3&#8243;][et_pb_text admin_label=&#8221;Texte&#8221; text_orientation=&#8221;center&#8221; background_layout=&#8221;light&#8221; use_border_color=&#8221;off&#8221; border_color=&#8221;#ffffff&#8221; border_style=&#8221;solid&#8221;]<\/p>\n<h4 style=\"text-align: center;\"><strong>The last articles<\/strong><\/h4>\n<p>[\/et_pb_text][et_pb_image admin_label=&#8221;Image&#8221; src=&#8221;https:\/\/foster-little.com\/wp-content\/uploads\/2017\/05\/blog-nl.jpg&#8221; align=&#8221;center&#8221; max_width=&#8221;200px&#8221; show_in_lightbox=&#8221;off&#8221; url_new_window=&#8221;off&#8221; use_overlay=&#8221;off&#8221; animation=&#8221;left&#8221; sticky=&#8221;off&#8221; force_fullwidth=&#8221;off&#8221; always_center_on_mobile=&#8221;on&#8221; use_border_color=&#8221;off&#8221; border_color=&#8221;#ffffff&#8221; border_style=&#8221;solid&#8221;]<\/p>\n<p>[\/et_pb_image][et_pb_text admin_label=&#8221;Texte&#8221; background_layout=&#8221;light&#8221; text_orientation=&#8221;left&#8221; use_border_color=&#8221;off&#8221; border_color=&#8221;#ffffff&#8221; border_style=&#8221;solid&#8221;]<\/p>\n<p style=\"text-align: center;\">Actualy, only in French<br \/>\n&#8220;Mon coll\u00e8gue est un \u00e9tranger&#8221;<br \/>\n&#8220;La g\u00e9n\u00e9ration Y d\u00e9barque en entreprise&#8230;&#8221;<\/p>\n<p>[\/et_pb_text][et_pb_button admin_label=&#8221;Bouton&#8221; button_url=&#8221;\/blog&#8221; button_text=&#8221;View more !&#8221; button_alignment=&#8221;center&#8221; custom_button=&#8221;on&#8221; button_text_size=&#8221;10&#8243; button_text_color=&#8221;#679810&#8243; button_border_color=&#8221;#679810&#8243; button_use_icon=&#8221;off&#8221; background_color=&#8221;#7EBEC5&#8243; url_new_window=&#8221;off&#8221; background_layout=&#8221;light&#8221; button_letter_spacing=&#8221;0&#8243; button_icon_placement=&#8221;right&#8221; button_on_hover=&#8221;on&#8221; button_letter_spacing_hover=&#8221;0&#8243;]<\/p>\n<p>[\/et_pb_button][\/et_pb_column][et_pb_column type=&#8221;1_3&#8243;][et_pb_text admin_label=&#8221;Texte&#8221; text_orientation=&#8221;center&#8221; background_layout=&#8221;light&#8221; use_border_color=&#8221;off&#8221; border_color=&#8221;#ffffff&#8221; border_style=&#8221;solid&#8221;]<\/p>\n<h4><strong>Community Action<\/strong><\/h4>\n<p>[\/et_pb_text][et_pb_image admin_label=&#8221;Image&#8221; src=&#8221;https:\/\/foster-little.com\/wp-content\/uploads\/2017\/05\/1-pourcent.jpg&#8221; align=&#8221;center&#8221; max_width=&#8221;200px&#8221; show_in_lightbox=&#8221;off&#8221; url_new_window=&#8221;off&#8221; use_overlay=&#8221;off&#8221; animation=&#8221;left&#8221; sticky=&#8221;off&#8221; force_fullwidth=&#8221;off&#8221; always_center_on_mobile=&#8221;on&#8221; use_border_color=&#8221;off&#8221; border_color=&#8221;#ffffff&#8221; border_style=&#8221;solid&#8221;]<\/p>\n<p>[\/et_pb_image][et_pb_text admin_label=&#8221;Texte&#8221; background_layout=&#8221;light&#8221; text_orientation=&#8221;left&#8221; use_border_color=&#8221;off&#8221; border_color=&#8221;#ffffff&#8221; border_style=&#8221;solid&#8221;]<\/p>\n<p style=\"text-align: center;\">We donate 1% of our turnover for projects related to education in poor countries. More information about our program &#8230;<\/strong><\/p>\n<p>[\/et_pb_text][et_pb_button admin_label=&#8221;Bouton&#8221; button_url=&#8221;#&#8221; button_text=&#8221;Discover the program !&#8221; button_alignment=&#8221;center&#8221; custom_button=&#8221;on&#8221; button_text_size=&#8221;10&#8243; button_text_color=&#8221;#679810&#8243; button_border_color=&#8221;#679810&#8243; button_use_icon=&#8221;off&#8221; background_color=&#8221;#7EBEC5&#8243; url_new_window=&#8221;off&#8221; background_layout=&#8221;light&#8221; button_letter_spacing=&#8221;0&#8243; button_icon_placement=&#8221;right&#8221; button_on_hover=&#8221;on&#8221; button_letter_spacing_hover=&#8221;0&#8243;]<\/p>\n<p>[\/et_pb_button][\/et_pb_column][et_pb_column type=&#8221;1_3&#8243;][et_pb_text admin_label=&#8221;Texte&#8221; text_orientation=&#8221;center&#8221; background_layout=&#8221;light&#8221; use_border_color=&#8221;off&#8221; border_color=&#8221;#ffffff&#8221; border_style=&#8221;solid&#8221;]<\/p>\n<h4><strong>Accreditation Canada<\/strong><\/h4>\n<p>[\/et_pb_text][et_pb_image admin_label=&#8221;Image&#8221; src=&#8221;https:\/\/foster-little.com\/wp-content\/uploads\/2017\/05\/ACI-2017.jpg&#8221; align=&#8221;center&#8221; max_width=&#8221;200px&#8221;]<\/p>\n<p>[\/et_pb_image][et_pb_text admin_label=&#8221;Texte&#8221; background_layout=&#8221;light&#8221; text_orientation=&#8221;left&#8221; use_border_color=&#8221;off&#8221; border_color=&#8221;#ffffff&#8221; border_style=&#8221;solid&#8221;]<\/p>\n<p style=\"text-align: center;\"><strong>Foster &amp; Little<\/strong> is partner<br \/>\nof AC (<strong>Accreditation Canada).<\/strong><\/p>\n<p>[\/et_pb_text][et_pb_button admin_label=&#8221;Bouton&#8221; button_url=&#8221;#&#8221; button_text=&#8221;View more !&#8221; button_alignment=&#8221;center&#8221; custom_button=&#8221;on&#8221; button_text_size=&#8221;10&#8243; button_text_color=&#8221;#679810&#8243; button_border_color=&#8221;#679810&#8243; button_use_icon=&#8221;off&#8221; background_color=&#8221;#7EBEC5&#8243; url_new_window=&#8221;off&#8221; background_layout=&#8221;light&#8221; button_letter_spacing=&#8221;0&#8243; button_icon_placement=&#8221;right&#8221; button_on_hover=&#8221;on&#8221; button_letter_spacing_hover=&#8221;0&#8243;]<\/p>\n<p>[\/et_pb_button][\/et_pb_column][\/et_pb_row][\/et_pb_section][et_pb_section bb_built=&#8221;1&#8243; admin_label=&#8221;Section&#8221; background_color=&#8221;#679810&#8243;][et_pb_row admin_label=&#8221;Ligne&#8221;][et_pb_column type=&#8221;4_4&#8243;][et_pb_cta admin_label=&#8221;Call To Action&#8221; title=&#8221;Make a request &#8221; button_url=&#8221;\/en\/contact&#8221; button_text=&#8221;Contact us &#8221; background_color=&#8221;#679810&#8243; url_new_window=&#8221;off&#8221; use_background_color=&#8221;on&#8221; background_layout=&#8221;dark&#8221; text_orientation=&#8221;center&#8221; use_border_color=&#8221;off&#8221; border_color=&#8221;#ffffff&#8221; border_style=&#8221;solid&#8221; custom_button=&#8221;off&#8221; button_letter_spacing=&#8221;0&#8243; button_use_icon=&#8221;default&#8221; button_icon_placement=&#8221;right&#8221; button_on_hover=&#8221;on&#8221; button_letter_spacing_hover=&#8221;0&#8243;]<\/p>\n<p>Please do not hesitate to contact us if you have any question !<\/p>\n<p>[\/et_pb_cta][\/et_pb_column][\/et_pb_row][\/et_pb_section][et_pb_section bb_built=&#8221;1&#8243; admin_label=&#8221;section&#8221; transparent_background=&#8221;on&#8221;][et_pb_row admin_label=&#8221;Ligne&#8221;][et_pb_column type=&#8221;4_4&#8243;][et_pb_divider admin_label=&#8221;Divider&#8221; color=&#8221;#eaeaea&#8221; show_divider=&#8221;on&#8221; height=&#8221;30&#8243;]<\/p>\n<p>[\/et_pb_divider][et_pb_text admin_label=&#8221;Texte&#8221; background_layout=&#8221;light&#8221; text_orientation=&#8221;left&#8221; use_border_color=&#8221;off&#8221; border_color=&#8221;#ffffff&#8221; border_style=&#8221;solid&#8221;]<\/p>\n<h2>Our staff have conducted missions to the following clients:<\/h2>\n<p>[\/et_pb_text][\/et_pb_column][\/et_pb_row][et_pb_row admin_label=&#8221;Ligne&#8221;][et_pb_column type=&#8221;1_4&#8243;][et_pb_gallery admin_label=&#8221;Galerie&#8221; gallery_ids=&#8221;4542,3767&#8243; fullwidth=&#8221;on&#8221; show_pagination=&#8221;off&#8221; background_layout=&#8221;dark&#8221; auto=&#8221;on&#8221; auto_speed=&#8221;2500&#8243; orientation=&#8221;landscape&#8221; show_title_and_caption=&#8221;on&#8221; hover_overlay_color=&#8221;rgba(255,255,255,0.9)&#8221; use_border_color=&#8221;off&#8221; border_color=&#8221;#ffffff&#8221; border_style=&#8221;solid&#8221;]<\/p>\n<p>[\/et_pb_gallery][\/et_pb_column][et_pb_column type=&#8221;1_4&#8243;][et_pb_gallery admin_label=&#8221;Galerie&#8221; gallery_ids=&#8221;4541,2960&#8243; fullwidth=&#8221;on&#8221; show_pagination=&#8221;off&#8221; background_layout=&#8221;dark&#8221; auto=&#8221;on&#8221; auto_speed=&#8221;2500&#8243; orientation=&#8221;landscape&#8221; show_title_and_caption=&#8221;on&#8221; hover_overlay_color=&#8221;rgba(255,255,255,0.9)&#8221; use_border_color=&#8221;off&#8221; border_color=&#8221;#ffffff&#8221; border_style=&#8221;solid&#8221;]<\/p>\n<p>[\/et_pb_gallery][\/et_pb_column][et_pb_column type=&#8221;1_4&#8243;][et_pb_gallery admin_label=&#8221;Galerie&#8221; gallery_ids=&#8221;4543,3779&#8243; fullwidth=&#8221;on&#8221; show_pagination=&#8221;off&#8221; background_layout=&#8221;dark&#8221; auto=&#8221;on&#8221; auto_speed=&#8221;2500&#8243; orientation=&#8221;landscape&#8221; show_title_and_caption=&#8221;on&#8221; hover_overlay_color=&#8221;rgba(255,255,255,0.9)&#8221; use_border_color=&#8221;off&#8221; border_color=&#8221;#ffffff&#8221; border_style=&#8221;solid&#8221;]<\/p>\n<p>[\/et_pb_gallery][\/et_pb_column][et_pb_column type=&#8221;1_4&#8243;][et_pb_gallery admin_label=&#8221;Galerie&#8221; gallery_ids=&#8221;4544,4545&#8243; fullwidth=&#8221;on&#8221; show_pagination=&#8221;off&#8221; background_layout=&#8221;dark&#8221; auto=&#8221;on&#8221; auto_speed=&#8221;2500&#8243; orientation=&#8221;landscape&#8221; show_title_and_caption=&#8221;on&#8221; hover_overlay_color=&#8221;rgba(255,255,255,0.9)&#8221; use_border_color=&#8221;off&#8221; border_color=&#8221;#ffffff&#8221; border_style=&#8221;solid&#8221;]<\/p>\n<p>[\/et_pb_gallery][\/et_pb_column][\/et_pb_row][\/et_pb_section]<\/p>\n<span class=\"et_social_bottom_trigger\"><\/span>","protected":false},"excerpt":{"rendered":"<p>Training for business solutions that enable employees to reach their potential and to give meaning to their work&#8230;. The last articles Actualy, only in French &#8220;Mon coll\u00e8gue est un \u00e9tranger&#8221; &#8220;La g\u00e9n\u00e9ration Y d\u00e9barque en entreprise&#8230;&#8221; Community Action We donate 1% of our turnover for projects related to education in poor countries. More information about [&hellip;]<\/p>\n","protected":false},"author":1,"featured_media":0,"parent":0,"menu_order":0,"comment_status":"closed","ping_status":"closed","template":"","meta":{"_et_pb_use_builder":"on","_et_pb_old_content":"","_et_gb_content_width":"","footnotes":""},"class_list":["post-4989","page","type-page","status-publish","hentry"],"yoast_head":"<!-- This site is optimized with the Yoast SEO plugin v24.8.1 - https:\/\/yoast.com\/wordpress\/plugins\/seo\/ -->\n<title>Foster &amp; Little : Formations, coaching &amp; Consulting pour l&#039;entreprise<\/title>\n<meta name=\"description\" content=\"Foster &amp; Little a form\u00e9 plus de 4.500 personnes dans plus de 75 soci\u00e9t\u00e9s publiques comme priv\u00e9es ainsi que dans des h\u00f4pitaux.\" \/>\n<meta name=\"robots\" content=\"index, follow, max-snippet:-1, max-image-preview:large, max-video-preview:-1\" \/>\n<link rel=\"canonical\" href=\"https:\/\/foster-little.com\/en\/\" \/>\n<meta property=\"og:locale\" content=\"en_US\" \/>\n<meta property=\"og:type\" content=\"article\" \/>\n<meta property=\"og:title\" content=\"Foster &amp; Little : Formations, coaching &amp; Consulting pour l&#039;entreprise\" \/>\n<meta property=\"og:description\" content=\"Foster &amp; Little a form\u00e9 plus de 4.500 personnes dans plus de 75 soci\u00e9t\u00e9s publiques comme priv\u00e9es ainsi que dans des h\u00f4pitaux.\" \/>\n<meta property=\"og:url\" content=\"https:\/\/foster-little.com\/en\/\" \/>\n<meta property=\"og:site_name\" content=\"Foster Little\" \/>\n<meta property=\"article:modified_time\" content=\"2017-09-26T17:24:25+00:00\" \/>\n<meta name=\"twitter:card\" content=\"summary_large_image\" \/>\n<meta name=\"twitter:label1\" content=\"Est. reading time\" \/>\n\t<meta name=\"twitter:data1\" content=\"6 minutes\" \/>\n<script type=\"application\/ld+json\" class=\"yoast-schema-graph\">{\"@context\":\"https:\/\/schema.org\",\"@graph\":[{\"@type\":\"WebPage\",\"@id\":\"https:\/\/foster-little.com\/en\/\",\"url\":\"https:\/\/foster-little.com\/en\/\",\"name\":\"Foster & Little : Formations, coaching & Consulting pour l'entreprise\",\"isPartOf\":{\"@id\":\"https:\/\/foster-little.com\/#website\"},\"datePublished\":\"2017-05-08T13:38:46+00:00\",\"dateModified\":\"2017-09-26T17:24:25+00:00\",\"description\":\"Foster & Little a form\u00e9 plus de 4.500 personnes dans plus de 75 soci\u00e9t\u00e9s publiques comme priv\u00e9es ainsi que dans des h\u00f4pitaux.\",\"breadcrumb\":{\"@id\":\"https:\/\/foster-little.com\/en\/#breadcrumb\"},\"inLanguage\":\"en-US\",\"potentialAction\":[{\"@type\":\"ReadAction\",\"target\":[\"https:\/\/foster-little.com\/en\/\"]}]},{\"@type\":\"BreadcrumbList\",\"@id\":\"https:\/\/foster-little.com\/en\/#breadcrumb\",\"itemListElement\":[{\"@type\":\"ListItem\",\"position\":1,\"name\":\"Accueil\",\"item\":\"https:\/\/foster-little.com\/en\/\"},{\"@type\":\"ListItem\",\"position\":2,\"name\":\"home 2017\"}]},{\"@type\":\"WebSite\",\"@id\":\"https:\/\/foster-little.com\/#website\",\"url\":\"https:\/\/foster-little.com\/\",\"name\":\"Foster Little\",\"description\":\"\",\"potentialAction\":[{\"@type\":\"SearchAction\",\"target\":{\"@type\":\"EntryPoint\",\"urlTemplate\":\"https:\/\/foster-little.com\/?s={search_term_string}\"},\"query-input\":{\"@type\":\"PropertyValueSpecification\",\"valueRequired\":true,\"valueName\":\"search_term_string\"}}],\"inLanguage\":\"en-US\"}]}<\/script>\n<!-- \/ Yoast SEO plugin. -->","yoast_head_json":{"title":"Foster & Little : Formations, coaching & Consulting pour l'entreprise","description":"Foster & Little a form\u00e9 plus de 4.500 personnes dans plus de 75 soci\u00e9t\u00e9s publiques comme priv\u00e9es ainsi que dans des h\u00f4pitaux.","robots":{"index":"index","follow":"follow","max-snippet":"max-snippet:-1","max-image-preview":"max-image-preview:large","max-video-preview":"max-video-preview:-1"},"canonical":"https:\/\/foster-little.com\/en\/","og_locale":"en_US","og_type":"article","og_title":"Foster & Little : Formations, coaching & Consulting pour l'entreprise","og_description":"Foster & Little a form\u00e9 plus de 4.500 personnes dans plus de 75 soci\u00e9t\u00e9s publiques comme priv\u00e9es ainsi que dans des h\u00f4pitaux.","og_url":"https:\/\/foster-little.com\/en\/","og_site_name":"Foster Little","article_modified_time":"2017-09-26T17:24:25+00:00","twitter_card":"summary_large_image","twitter_misc":{"Est. reading time":"6 minutes"},"schema":{"@context":"https:\/\/schema.org","@graph":[{"@type":"WebPage","@id":"https:\/\/foster-little.com\/en\/","url":"https:\/\/foster-little.com\/en\/","name":"Foster & Little : Formations, coaching & Consulting pour l'entreprise","isPartOf":{"@id":"https:\/\/foster-little.com\/#website"},"datePublished":"2017-05-08T13:38:46+00:00","dateModified":"2017-09-26T17:24:25+00:00","description":"Foster & Little a form\u00e9 plus de 4.500 personnes dans plus de 75 soci\u00e9t\u00e9s publiques comme priv\u00e9es ainsi que dans des h\u00f4pitaux.","breadcrumb":{"@id":"https:\/\/foster-little.com\/en\/#breadcrumb"},"inLanguage":"en-US","potentialAction":[{"@type":"ReadAction","target":["https:\/\/foster-little.com\/en\/"]}]},{"@type":"BreadcrumbList","@id":"https:\/\/foster-little.com\/en\/#breadcrumb","itemListElement":[{"@type":"ListItem","position":1,"name":"Accueil","item":"https:\/\/foster-little.com\/en\/"},{"@type":"ListItem","position":2,"name":"home 2017"}]},{"@type":"WebSite","@id":"https:\/\/foster-little.com\/#website","url":"https:\/\/foster-little.com\/","name":"Foster Little","description":"","potentialAction":[{"@type":"SearchAction","target":{"@type":"EntryPoint","urlTemplate":"https:\/\/foster-little.com\/?s={search_term_string}"},"query-input":{"@type":"PropertyValueSpecification","valueRequired":true,"valueName":"search_term_string"}}],"inLanguage":"en-US"}]}},"_links":{"self":[{"href":"https:\/\/foster-little.com\/en\/wp-json\/wp\/v2\/pages\/4989","targetHints":{"allow":["GET"]}}],"collection":[{"href":"https:\/\/foster-little.com\/en\/wp-json\/wp\/v2\/pages"}],"about":[{"href":"https:\/\/foster-little.com\/en\/wp-json\/wp\/v2\/types\/page"}],"author":[{"embeddable":true,"href":"https:\/\/foster-little.com\/en\/wp-json\/wp\/v2\/users\/1"}],"replies":[{"embeddable":true,"href":"https:\/\/foster-little.com\/en\/wp-json\/wp\/v2\/comments?post=4989"}],"version-history":[{"count":13,"href":"https:\/\/foster-little.com\/en\/wp-json\/wp\/v2\/pages\/4989\/revisions"}],"predecessor-version":[{"id":5077,"href":"https:\/\/foster-little.com\/en\/wp-json\/wp\/v2\/pages\/4989\/revisions\/5077"}],"wp:attachment":[{"href":"https:\/\/foster-little.com\/en\/wp-json\/wp\/v2\/media?parent=4989"}],"curies":[{"name":"wp","href":"https:\/\/api.w.org\/{rel}","templated":true}]}}