{"id":5025,"date":"2017-09-26T19:47:03","date_gmt":"2017-09-26T17:47:03","guid":{"rendered":"https:\/\/foster-little.com\/?page_id=5025"},"modified":"2017-09-26T19:47:55","modified_gmt":"2017-09-26T17:47:55","slug":"references","status":"publish","type":"page","link":"https:\/\/foster-little.com\/en\/references\/","title":{"rendered":"References"},"content":{"rendered":"<p>[et_pb_section bb_built=&#8221;1&#8243; admin_label=&#8221;section&#8221; background_color=&#8221;#2ea3f2&#8243; inner_shadow=&#8221;on&#8221; fullwidth=&#8221;on&#8221;][et_pb_fullwidth_header admin_label=&#8221;Fullwidth Header&#8221; title=&#8221;References&#8221; subhead=&#8221;Our staff have conducted missions to the following clients&#8221; background_layout=&#8221;dark&#8221; background_color=&#8221;#679810&#8243; text_orientation=&#8221;left&#8221; header_fullscreen=&#8221;off&#8221; header_scroll_down=&#8221;off&#8221; parallax=&#8221;off&#8221; parallax_method=&#8221;off&#8221; content_orientation=&#8221;center&#8221; image_orientation=&#8221;center&#8221; custom_button_one=&#8221;off&#8221; button_one_letter_spacing=&#8221;0&#8243; button_one_use_icon=&#8221;default&#8221; button_one_icon_placement=&#8221;right&#8221; button_one_on_hover=&#8221;on&#8221; button_one_letter_spacing_hover=&#8221;0&#8243; custom_button_two=&#8221;off&#8221; button_two_letter_spacing=&#8221;0&#8243; button_two_use_icon=&#8221;default&#8221; button_two_icon_placement=&#8221;right&#8221; button_two_on_hover=&#8221;on&#8221; button_two_letter_spacing_hover=&#8221;0&#8243;] [\/et_pb_fullwidth_header][\/et_pb_section][et_pb_section bb_built=&#8221;1&#8243; admin_label=&#8221;section&#8221; specialty=&#8221;on&#8221;][et_pb_column type=&#8221;3_4&#8243; specialty_columns=&#8221;3&#8243;][et_pb_row_inner admin_label=&#8221;row_inner&#8221;][et_pb_column_inner type=&#8221;4_4&#8243; saved_specialty_column_type=&#8221;3_4&#8243;][et_pb_text admin_label=&#8221;Texte&#8221; background_layout=&#8221;light&#8221; text_orientation=&#8221;left&#8221; use_border_color=&#8221;off&#8221; border_color=&#8221;#ffffff&#8221; border_style=&#8221;solid&#8221;]<\/p>\n<p>&nbsp;<\/p>\n<h4><strong>Our staff have conducted missions to the following clients:<\/strong><\/h4>\n<p><img loading=\"lazy\" decoding=\"async\" class=\"alignnone size-full wp-image-4550\" src=\"https:\/\/foster-little.com\/wp-content\/uploads\/2017\/05\/references-foster-little-2017-9.jpg\" alt=\"\" width=\"613\" height=\"916\" srcset=\"https:\/\/foster-little.com\/wp-content\/uploads\/2017\/05\/references-foster-little-2017-9.jpg 613w, https:\/\/foster-little.com\/wp-content\/uploads\/2017\/05\/references-foster-little-2017-9-600x897.jpg 600w, https:\/\/foster-little.com\/wp-content\/uploads\/2017\/05\/references-foster-little-2017-9-201x300.jpg 201w\" sizes=\"(max-width: 613px) 100vw, 613px\" \/><\/p>\n<p>&nbsp;<\/p>\n<p>[\/et_pb_text][\/et_pb_column_inner][\/et_pb_row_inner][et_pb_row_inner admin_label=&#8221;Ligne&#8221;][et_pb_column_inner type=&#8221;4_4&#8243; saved_specialty_column_type=&#8221;3_4&#8243;][et_pb_button admin_label=&#8221;Bouton&#8221; button_url=&#8221;\/en\/contact&#8221; button_text=&#8221;More information ? &#8221; button_alignment=&#8221;left&#8221; custom_button=&#8221;on&#8221; button_text_color=&#8221;#ffffff&#8221; button_bg_color=&#8221;#cbd93e&#8221; button_icon=&#8221;%%138%%&#8221; background_color=&#8221;#7EBEC5&#8243; url_new_window=&#8221;off&#8221; background_layout=&#8221;light&#8221; button_letter_spacing=&#8221;0&#8243; button_use_icon=&#8221;default&#8221; button_icon_placement=&#8221;right&#8221; button_on_hover=&#8221;on&#8221; button_letter_spacing_hover=&#8221;0&#8243;] [\/et_pb_button][\/et_pb_column_inner][\/et_pb_row_inner][\/et_pb_column][et_pb_column type=&#8221;1_4&#8243;][et_pb_sidebar admin_label=&#8221;Sidebar&#8221; orientation=&#8221;right&#8221;] [\/et_pb_sidebar][\/et_pb_column][\/et_pb_section][et_pb_section bb_built=&#8221;1&#8243; admin_label=&#8221;Section&#8221; fullwidth=&#8221;off&#8221; specialty=&#8221;off&#8221;][et_pb_row admin_label=&#8221;Ligne&#8221;][et_pb_column type=&#8221;4_4&#8243;][et_pb_text admin_label=&#8221;Texte&#8221; background_layout=&#8221;light&#8221; text_orientation=&#8221;left&#8221; use_border_color=&#8221;off&#8221; border_color=&#8221;#ffffff&#8221; border_style=&#8221;solid&#8221;]<\/p>\n<h4><strong>Here is the list of our customers:<\/strong><\/h4>\n<p>[\/et_pb_text][\/et_pb_column][\/et_pb_row][et_pb_row admin_label=&#8221;Ligne&#8221;][et_pb_column type=&#8221;1_3&#8243;][et_pb_text admin_label=&#8221;Texte&#8221; background_layout=&#8221;light&#8221; text_orientation=&#8221;left&#8221; use_border_color=&#8221;off&#8221; border_color=&#8221;#ffffff&#8221; border_style=&#8221;solid&#8221;]<\/p>\n<p>Abbott<br \/>\nAccor<br \/>\nADM De Zaan<br \/>\nApajh (FR)<br \/>\nAss Notaires<br \/>\nAubel<br \/>\nAWEX<br \/>\nAWIPH<br \/>\nBECI<br \/>\nBelfius<br \/>\nBesixRed<br \/>\nBeWan<br \/>\nBiowanze<br \/>\nBlount-Oregon<br \/>\nBNP Paribas<br \/>\nBrunswick<br \/>\nBsolution<br \/>\nBusiness &amp; Decision<br \/>\nCAAMI<br \/>\nCargill<br \/>\nCHC Li\u00e8ge<br \/>\nCHIREC (Cavell\u2026)<br \/>\nCHR Haute Senne<br \/>\nCHU Brugman<br \/>\nChwapi (Hopital Tournai)<br \/>\nColipa<br \/>\nCom Vie priv\u00e9e<br \/>\nCompuware<br \/>\nConhexa<br \/>\nCorman<br \/>\nCosucra<br \/>\nDanone (Alg\u00e9rie)<br \/>\nDapesco<\/p>\n<p>[\/et_pb_text][\/et_pb_column][et_pb_column type=&#8221;1_3&#8243;][et_pb_text admin_label=&#8221;Texte&#8221; background_layout=&#8221;light&#8221; text_orientation=&#8221;left&#8221; use_border_color=&#8221;off&#8221; border_color=&#8221;#ffffff&#8221; border_style=&#8221;solid&#8221;]<\/p>\n<p>Dentsu<br \/>\nElectrabel<br \/>\nEnsival Moret<br \/>\nFacq<br \/>\nFIAT<br \/>\nGaller<br \/>\nGDF Suez<br \/>\nGlobalsSat<br \/>\nGodiva<br \/>\nGrass Savoye<br \/>\nGSK<br \/>\nHerve<br \/>\nHuderf (Hopital des Enfants)<br \/>\nIFAMU<br \/>\nIRIS<br \/>\nIris Canon<br \/>\nIsOSL<br \/>\nKBL<br \/>\nLambda +<br \/>\nLonza<br \/>\nLovenfosse<br \/>\nLucymed<br \/>\nMacopharma<br \/>\nMagotteaux<br \/>\nMediamarkt<br \/>\nMercedes<br \/>\nMewa<br \/>\nMobistar<br \/>\nMondial Assistance<br \/>\nMut Soc<br \/>\nNavitas<br \/>\nNaturhome<br \/>\nNeuhaus<br \/>\nNycomed<\/p>\n<p>[\/et_pb_text][\/et_pb_column][et_pb_column type=&#8221;1_3&#8243;][et_pb_text admin_label=&#8221;Texte&#8221; background_layout=&#8221;light&#8221; text_orientation=&#8221;left&#8221; use_border_color=&#8221;off&#8221; border_color=&#8221;#ffffff&#8221; border_style=&#8221;solid&#8221;]<\/p>\n<p>Orange<br \/>\nOres<br \/>\nOTAN-NATO<br \/>\nPartena<br \/>\nP\u00e8re Olive<br \/>\nPeugeot<br \/>\nPhone House<br \/>\nPolice locale<br \/>\nRicoh<br \/>\nRisk Dynamics<br \/>\nRoche<br \/>\nRTBF<br \/>\nSaturn<br \/>\nSecurex<br \/>\nSelect HR<br \/>\nSIO<br \/>\nSoci\u00e9t\u00e9 G\u00e9n\u00e9rale<br \/>\nSolidaris<br \/>\nSony<br \/>\nSpa<br \/>\nSPW (Service publ. Wallonie)<br \/>\nSt Gobain<br \/>\nSt Luc Bouge<br \/>\nTesa<br \/>\nTotal<br \/>\nUnifine<br \/>\nUnion Europ\u00e9enne<br \/>\nVivalia<br \/>\nVPK<br \/>\nXerox<\/p>\n<p>[\/et_pb_text][\/et_pb_column][\/et_pb_row][et_pb_row admin_label=&#8221;Ligne&#8221;][et_pb_column type=&#8221;4_4&#8243;][et_pb_text admin_label=&#8221;Texte&#8221; background_layout=&#8221;light&#8221; text_orientation=&#8221;left&#8221; use_border_color=&#8221;off&#8221; border_color=&#8221;#ffffff&#8221; border_style=&#8221;solid&#8221;]<\/p>\n<p><strong>Coaches from Foster &amp; Little are registered with the\u00a0<a title=\"lien vers la soci\u00e9t\u00e9 Awex\" href=\"http:\/\/www.awex.be\/\" target=\"_blank\" rel=\"noopener\">AWEX<\/a><\/strong><\/p>\n<p>[\/et_pb_text][\/et_pb_column][\/et_pb_row][\/et_pb_section]<\/p>\n","protected":false},"excerpt":{"rendered":"<p>&nbsp; Our staff have conducted missions to the following clients: &nbsp; Here is the list of our customers: Abbott Accor ADM De Zaan Apajh (FR) Ass Notaires Aubel AWEX AWIPH BECI Belfius BesixRed BeWan Biowanze Blount-Oregon BNP Paribas Brunswick Bsolution Business &amp; Decision CAAMI Cargill CHC Li\u00e8ge CHIREC (Cavell\u2026) CHR Haute Senne CHU Brugman Chwapi [&hellip;]<\/p>\n","protected":false},"author":1,"featured_media":0,"parent":0,"menu_order":0,"comment_status":"closed","ping_status":"closed","template":"","meta":{"_et_pb_use_builder":"on","_et_pb_old_content":"","_et_gb_content_width":"","footnotes":""},"class_list":["post-5025","page","type-page","status-publish","hentry"],"yoast_head":"<!-- This site is optimized with the Yoast SEO plugin v24.8.1 - https:\/\/yoast.com\/wordpress\/plugins\/seo\/ -->\n<title>References - Foster Little<\/title>\n<meta name=\"robots\" content=\"index, follow, max-snippet:-1, max-image-preview:large, max-video-preview:-1\" \/>\n<link rel=\"canonical\" href=\"https:\/\/foster-little.com\/en\/references\/\" \/>\n<meta property=\"og:locale\" content=\"en_US\" \/>\n<meta property=\"og:type\" content=\"article\" \/>\n<meta property=\"og:title\" content=\"References - Foster Little\" \/>\n<meta property=\"og:description\" content=\"&nbsp; Our staff have conducted missions to the following clients: &nbsp; Here is the list of our customers: Abbott Accor ADM De Zaan Apajh (FR) Ass Notaires Aubel AWEX AWIPH BECI Belfius BesixRed BeWan Biowanze Blount-Oregon BNP Paribas Brunswick Bsolution Business &amp; Decision CAAMI Cargill CHC Li\u00e8ge CHIREC (Cavell\u2026) CHR Haute Senne CHU Brugman Chwapi [&hellip;]\" \/>\n<meta property=\"og:url\" content=\"https:\/\/foster-little.com\/en\/references\/\" \/>\n<meta property=\"og:site_name\" content=\"Foster Little\" \/>\n<meta property=\"article:modified_time\" content=\"2017-09-26T17:47:55+00:00\" \/>\n<meta property=\"og:image\" content=\"https:\/\/foster-little.com\/wp-content\/uploads\/2017\/05\/references-foster-little-2017-9.jpg\" \/>\n\t<meta property=\"og:image:width\" content=\"613\" \/>\n\t<meta property=\"og:image:height\" content=\"916\" \/>\n\t<meta property=\"og:image:type\" content=\"image\/jpeg\" \/>\n<meta name=\"twitter:card\" content=\"summary_large_image\" \/>\n<meta name=\"twitter:label1\" content=\"Est. reading time\" \/>\n\t<meta name=\"twitter:data1\" content=\"3 minutes\" \/>\n<script type=\"application\/ld+json\" class=\"yoast-schema-graph\">{\"@context\":\"https:\/\/schema.org\",\"@graph\":[{\"@type\":\"WebPage\",\"@id\":\"https:\/\/foster-little.com\/en\/references\/\",\"url\":\"https:\/\/foster-little.com\/en\/references\/\",\"name\":\"References - Foster Little\",\"isPartOf\":{\"@id\":\"https:\/\/foster-little.com\/#website\"},\"primaryImageOfPage\":{\"@id\":\"https:\/\/foster-little.com\/en\/references\/#primaryimage\"},\"image\":{\"@id\":\"https:\/\/foster-little.com\/en\/references\/#primaryimage\"},\"thumbnailUrl\":\"https:\/\/foster-little.com\/wp-content\/uploads\/2017\/05\/references-foster-little-2017-9.jpg\",\"datePublished\":\"2017-09-26T17:47:03+00:00\",\"dateModified\":\"2017-09-26T17:47:55+00:00\",\"breadcrumb\":{\"@id\":\"https:\/\/foster-little.com\/en\/references\/#breadcrumb\"},\"inLanguage\":\"en-US\",\"potentialAction\":[{\"@type\":\"ReadAction\",\"target\":[\"https:\/\/foster-little.com\/en\/references\/\"]}]},{\"@type\":\"ImageObject\",\"inLanguage\":\"en-US\",\"@id\":\"https:\/\/foster-little.com\/en\/references\/#primaryimage\",\"url\":\"https:\/\/foster-little.com\/wp-content\/uploads\/2017\/05\/references-foster-little-2017-9.jpg\",\"contentUrl\":\"https:\/\/foster-little.com\/wp-content\/uploads\/2017\/05\/references-foster-little-2017-9.jpg\"},{\"@type\":\"BreadcrumbList\",\"@id\":\"https:\/\/foster-little.com\/en\/references\/#breadcrumb\",\"itemListElement\":[{\"@type\":\"ListItem\",\"position\":1,\"name\":\"Accueil\",\"item\":\"https:\/\/foster-little.com\/en\/\"},{\"@type\":\"ListItem\",\"position\":2,\"name\":\"References\"}]},{\"@type\":\"WebSite\",\"@id\":\"https:\/\/foster-little.com\/#website\",\"url\":\"https:\/\/foster-little.com\/\",\"name\":\"Foster Little\",\"description\":\"\",\"potentialAction\":[{\"@type\":\"SearchAction\",\"target\":{\"@type\":\"EntryPoint\",\"urlTemplate\":\"https:\/\/foster-little.com\/?s={search_term_string}\"},\"query-input\":{\"@type\":\"PropertyValueSpecification\",\"valueRequired\":true,\"valueName\":\"search_term_string\"}}],\"inLanguage\":\"en-US\"}]}<\/script>\n<!-- \/ Yoast SEO plugin. -->","yoast_head_json":{"title":"References - Foster Little","robots":{"index":"index","follow":"follow","max-snippet":"max-snippet:-1","max-image-preview":"max-image-preview:large","max-video-preview":"max-video-preview:-1"},"canonical":"https:\/\/foster-little.com\/en\/references\/","og_locale":"en_US","og_type":"article","og_title":"References - Foster Little","og_description":"&nbsp; Our staff have conducted missions to the following clients: &nbsp; Here is the list of our customers: Abbott Accor ADM De Zaan Apajh (FR) Ass Notaires Aubel AWEX AWIPH BECI Belfius BesixRed BeWan Biowanze Blount-Oregon BNP Paribas Brunswick Bsolution Business &amp; Decision CAAMI Cargill CHC Li\u00e8ge CHIREC (Cavell\u2026) CHR Haute Senne CHU Brugman Chwapi [&hellip;]","og_url":"https:\/\/foster-little.com\/en\/references\/","og_site_name":"Foster Little","article_modified_time":"2017-09-26T17:47:55+00:00","og_image":[{"width":613,"height":916,"url":"https:\/\/foster-little.com\/wp-content\/uploads\/2017\/05\/references-foster-little-2017-9.jpg","type":"image\/jpeg"}],"twitter_card":"summary_large_image","twitter_misc":{"Est. reading time":"3 minutes"},"schema":{"@context":"https:\/\/schema.org","@graph":[{"@type":"WebPage","@id":"https:\/\/foster-little.com\/en\/references\/","url":"https:\/\/foster-little.com\/en\/references\/","name":"References - Foster Little","isPartOf":{"@id":"https:\/\/foster-little.com\/#website"},"primaryImageOfPage":{"@id":"https:\/\/foster-little.com\/en\/references\/#primaryimage"},"image":{"@id":"https:\/\/foster-little.com\/en\/references\/#primaryimage"},"thumbnailUrl":"https:\/\/foster-little.com\/wp-content\/uploads\/2017\/05\/references-foster-little-2017-9.jpg","datePublished":"2017-09-26T17:47:03+00:00","dateModified":"2017-09-26T17:47:55+00:00","breadcrumb":{"@id":"https:\/\/foster-little.com\/en\/references\/#breadcrumb"},"inLanguage":"en-US","potentialAction":[{"@type":"ReadAction","target":["https:\/\/foster-little.com\/en\/references\/"]}]},{"@type":"ImageObject","inLanguage":"en-US","@id":"https:\/\/foster-little.com\/en\/references\/#primaryimage","url":"https:\/\/foster-little.com\/wp-content\/uploads\/2017\/05\/references-foster-little-2017-9.jpg","contentUrl":"https:\/\/foster-little.com\/wp-content\/uploads\/2017\/05\/references-foster-little-2017-9.jpg"},{"@type":"BreadcrumbList","@id":"https:\/\/foster-little.com\/en\/references\/#breadcrumb","itemListElement":[{"@type":"ListItem","position":1,"name":"Accueil","item":"https:\/\/foster-little.com\/en\/"},{"@type":"ListItem","position":2,"name":"References"}]},{"@type":"WebSite","@id":"https:\/\/foster-little.com\/#website","url":"https:\/\/foster-little.com\/","name":"Foster Little","description":"","potentialAction":[{"@type":"SearchAction","target":{"@type":"EntryPoint","urlTemplate":"https:\/\/foster-little.com\/?s={search_term_string}"},"query-input":{"@type":"PropertyValueSpecification","valueRequired":true,"valueName":"search_term_string"}}],"inLanguage":"en-US"}]}},"_links":{"self":[{"href":"https:\/\/foster-little.com\/en\/wp-json\/wp\/v2\/pages\/5025","targetHints":{"allow":["GET"]}}],"collection":[{"href":"https:\/\/foster-little.com\/en\/wp-json\/wp\/v2\/pages"}],"about":[{"href":"https:\/\/foster-little.com\/en\/wp-json\/wp\/v2\/types\/page"}],"author":[{"embeddable":true,"href":"https:\/\/foster-little.com\/en\/wp-json\/wp\/v2\/users\/1"}],"replies":[{"embeddable":true,"href":"https:\/\/foster-little.com\/en\/wp-json\/wp\/v2\/comments?post=5025"}],"version-history":[{"count":2,"href":"https:\/\/foster-little.com\/en\/wp-json\/wp\/v2\/pages\/5025\/revisions"}],"predecessor-version":[{"id":5027,"href":"https:\/\/foster-little.com\/en\/wp-json\/wp\/v2\/pages\/5025\/revisions\/5027"}],"wp:attachment":[{"href":"https:\/\/foster-little.com\/en\/wp-json\/wp\/v2\/media?parent=5025"}],"curies":[{"name":"wp","href":"https:\/\/api.w.org\/{rel}","templated":true}]}}