{"id":5032,"date":"2017-09-26T20:09:05","date_gmt":"2017-09-26T18:09:05","guid":{"rendered":"https:\/\/foster-little.com\/?page_id=5032"},"modified":"2023-09-22T23:41:18","modified_gmt":"2023-09-22T21:41:18","slug":"staff","status":"publish","type":"page","link":"https:\/\/foster-little.com\/en\/staff\/","title":{"rendered":"Staff"},"content":{"rendered":"<p>[et_pb_section fb_built=&#8221;1&#8243; inner_shadow=&#8221;on&#8221; fullwidth=&#8221;on&#8221; admin_label=&#8221;section&#8221; _builder_version=&#8221;3.22&#8243; background_color=&#8221;#2ea3f2&#8243; global_colors_info=&#8221;{}&#8221;][et_pb_fullwidth_header title=&#8221;Staff&#8221; subhead=&#8221;We believe that only people who occupied strategic positions are competent to train participants wishing to develop their potential. This is why our trainers have at least 15 years of experience in renowned companies and often leader in their field.&#8221; background_overlay_color=&#8221;#679810&#8243; content_max_width=&#8221;none&#8221; admin_label=&#8221;Fullwidth Header&#8221; _builder_version=&#8221;3.16&#8243; background_color=&#8221;#679810&#8243; button_one_letter_spacing_hover=&#8221;0&#8243; button_two_letter_spacing_hover=&#8221;0&#8243; global_colors_info=&#8221;{}&#8221; button_one_text_size__hover_enabled=&#8221;off&#8221; button_two_text_size__hover_enabled=&#8221;off&#8221; button_one_text_color__hover_enabled=&#8221;off&#8221; button_two_text_color__hover_enabled=&#8221;off&#8221; button_one_border_width__hover_enabled=&#8221;off&#8221; button_two_border_width__hover_enabled=&#8221;off&#8221; button_one_border_color__hover_enabled=&#8221;off&#8221; button_two_border_color__hover_enabled=&#8221;off&#8221; button_one_border_radius__hover_enabled=&#8221;off&#8221; button_two_border_radius__hover_enabled=&#8221;off&#8221; button_one_letter_spacing__hover_enabled=&#8221;on&#8221; button_one_letter_spacing__hover=&#8221;0&#8243; button_two_letter_spacing__hover_enabled=&#8221;on&#8221; button_two_letter_spacing__hover=&#8221;0&#8243; button_one_bg_color__hover_enabled=&#8221;off&#8221; button_two_bg_color__hover_enabled=&#8221;off&#8221;][\/et_pb_fullwidth_header][\/et_pb_section][et_pb_section fb_built=&#8221;1&#8243; admin_label=&#8221;Section&#8221; _builder_version=&#8221;3.22&#8243; global_colors_info=&#8221;{}&#8221;][et_pb_row admin_label=&#8221;Ligne&#8221; _builder_version=&#8221;3.25&#8243; background_size=&#8221;initial&#8221; background_position=&#8221;top_left&#8221; background_repeat=&#8221;repeat&#8221; global_colors_info=&#8221;{}&#8221; column_structure=&#8221;2_3,1_3&#8243;][et_pb_column type=&#8221;2_3&#8243; _builder_version=&#8221;3.25&#8243; custom_padding=&#8221;|||&#8221; global_colors_info=&#8221;{}&#8221; custom_padding__hover=&#8221;|||&#8221;][et_pb_text admin_label=&#8221;Texte&#8221; _builder_version=&#8221;4.10.6&#8243; background_size=&#8221;initial&#8221; background_position=&#8221;top_left&#8221; background_repeat=&#8221;repeat&#8221; text_orientation=&#8221;justified&#8221; hover_enabled=&#8221;0&#8243; use_border_color=&#8221;off&#8221; border_color=&#8221;#ffffff&#8221; border_style=&#8221;solid&#8221; global_colors_info=&#8221;{}&#8221; sticky_enabled=&#8221;0&#8243;]<\/p>\n<p>&nbsp;<\/p>\n<p>&nbsp;<\/p>\n<h4 style=\"text-align: justify;\"><strong>Jean-Louis Festeraerts | Founder &amp; CEO<\/strong><\/h4>\n<p style=\"text-align: justify;\"><img loading=\"lazy\" decoding=\"async\" class=\"size-full wp-image-3680 alignleft\" src=\"https:\/\/foster-little.com\/wp-content\/uploads\/2017\/05\/Jean-Louis-Festeraerts-Foster-Little.jpg\" alt=\"\" width=\"150\" height=\"193\" \/><\/p>\n<p>After holding management positions in U.S. and European multinationals (Xerox, Societe Generale and Econocom), Jean-Louis decided ten years ago to devote to training and coaching. He now heads<br \/>Foster &amp;Little, which has only one goal: to improve the quality of life of participants in various training on their workplace.<br \/>On the academic Jean-Louis is responsible for the Marketing Department at the Evening Classes EPHEC and Scientific Coordinator in the Diploma in Business Management in the Group ICHEC.<br \/>As coach he accompanies officers and heads of public and private companies in order to achieve their goals. \u00ab Everyone is aware of the merits of the rules but it is very difficult to apply. I assume that mankind, unlike animals or objects, has the ability to make choices freely, in full congruence with its values, its objectives \u2026. If a company wants to make the most of its employees, managers must comply with this ability to make choices.\u00bb<br \/>Fred Kofman, a former professor at MIT, author of Conscious Business<\/p>\n<p class=\"et-fb-mce-line-break-holder\" style=\"text-align: justify;\"><img loading=\"lazy\" decoding=\"async\" class=\"alignright\" src=\"https:\/\/foster-little.com\/wp-content\/uploads\/2017\/05\/btn_profile_bluetxt_80x15.png\" alt=\"View Jean-Louis Festeraerts's profile on LinkedIn\" width=\"80\" height=\"15\" border=\"0\" \/><\/p>\n<h4><strong>Sophie Van de Venne<\/strong><\/h4>\n<p><img loading=\"lazy\" decoding=\"async\" class=\"size-full wp-image-3681 alignleft\" src=\"https:\/\/foster-little.com\/wp-content\/uploads\/2017\/05\/Sophie-Van-de-Venne-Foster-Little.jpg\" alt=\"\" width=\"150\" height=\"193\" \/>Sophie begint haar loopbaan in het domein van de communicatie alvorens opdrachten uit te voeren als Account Manager bij Mobistar. Vervolgens bekleedt ze in dezelfde maatschappij de functies van Retail Marketing Expert Manager en van Head of Field Marketing. Gesterkt door dit succes vervoegt ze telefoonoperator Orange UK in Londen waar ze het team leidt dat verantwoordelijk is voor B2B communicatie. Houder van een diploma Marketing (Brussel) en van een Master diploma Consumentenpsychologie (University of London) is Sophie een geattesteerde coach, trainer en praktijkmeester in PNL. Sophie is gedreven om ondernemingen te helpen bij het opdrijven van hun resultaten door de ontwikkeling van diversiteit en inclusief leiderschap, een grote troef voor het prestatievermogen en concurrentievermogen van bedrijven. Tijdens verblijven in het buitenland (zeven jaar in Engeland en Maleisi\u00eb) toont Sophie veel belangstelling voor culturele uitwisseling en internationale betrekkingen. Ze ontwikkelde haar deskundigheid door het coachen van zaakvoerders en bedrijfsleiders uit de vier windstreken (Groot-Brittanni\u00eb, Itali\u00eb, Frankrijk, Maleisi\u00eb, Singapore, Australi\u00eb en India). De trainingen en coaching sessies kunnen gegeven worden in drie talen: Nederlands, Frans en Engels.<\/p>\n<h4 style=\"text-align: justify;\"><strong>Laurent Wybauw <\/strong><\/h4>\n<p style=\"text-align: justify;\"><img loading=\"lazy\" decoding=\"async\" class=\"size-full wp-image-3680 alignleft\" src=\"https:\/\/foster-little.com\/wp-content\/uploads\/2018\/07\/Laurent-Wybauw.jpg\" alt=\"\" width=\"150\" height=\"193\" \/>Laurent, graduated in trade started his career in 2001 at British Telecom in Amsterdam.<br \/>He then decided to pursue his career in sales by joining one of the main leaders in the paper &amp; board industrial sector. This function led him to actively represent European and North American producers in Benelux, France &amp; Germany in a sector in full transition. He went through several mergers and managed multiple re-organisations. Such a high competitive environment allowed him to develop the capacity to face and manage crises &amp; transitions and to adapt to various social cultures.<br \/>Dynamic, communicative and results oriented, he then joined the Reno di Medici, one of the main European plain board producers and gained promotion to Sales Manager for several European markets. This aroused his passion for the human &amp; organizations complexity, change management and the resistance to it. For several years, he has trained to multiple approaches including mindfulness, positive psychology, NLP, Enneagram, MBTI, PCM and Emotional Intelligence. He has also followed a &#8221; Train the Trainer &#8221; course and is now in the process of becoming a certified ICF coach at Coaching Ways Belgium. Based on his successful commercial experience and his willingness to pass it on, he recently joined the Foster &amp; Little team to support teams and companies in realizing their full potential in terms of performance and well-being. Laurent is trilingual French &#8211; English &#8211; Dutch.<\/p>\n<p style=\"text-align: justify;\"><a href=\"https:\/\/www.linkedin.com\/in\/laurent-wybauw-abb2371b\/\"><img loading=\"lazy\" decoding=\"async\" class=\"alignright\" src=\"https:\/\/foster-little.com\/wp-content\/uploads\/2017\/05\/btn_profile_bluetxt_80x15.png\" alt=\"View Laurent's profile on LinkedIn\" width=\"80\" height=\"15\" border=\"0\" \/><\/a><\/p>\n<h4 class=\"\" style=\"text-align: justify;\"><strong>Bart Maes\u00a0<\/strong><\/h4>\n<p style=\"text-align: justify;\"><img loading=\"lazy\" decoding=\"async\" class=\"size-full wp-image-5278 alignleft\" src=\"https:\/\/foster-little.com\/wp-content\/uploads\/2018\/02\/Bart-Maes-Foster-Little.jpg\" alt=\"\" width=\"150\" height=\"193\" \/>Bart Maes started his own company and turned it into a succesful and financially healthy organisation with some 50 employees. 20 years of experience gave him a lot of useful knowhow he wants to share with CEO&#8217;s and employees of SME&#8217;s.<br \/>He has picked up a good deal of expertise in outlining the mission and vision of companies (company identity, company values), in business matters as strategy, organisation, market issues,\u2026 as well as in human matters (talent development, competence- and communication management, employees policies,\u2026). As Bart&#8217;s company is operating in the certification business in the agri-food sector, Bart is very well informed about the food sector. Engaging people, training and coaching of employees has always been one of the core activities in Bart&#8217;s career. Bart is fascinated by people and has a very strong faith in the power of people. He has a talent for listening to people, he is good at brainstorming, he is dynamic, focused and results-driven. For Bart, mutual respect, trust and open communication is the key to good cooperation within companies. Respect, trust and open communication bring people together and turn them into committed and motivated employees.<br \/>Bart&#8217;s passion is to train and coach people in order to develop these fundamental attitudes.<\/p>\n<p>[\/et_pb_text][et_pb_button button_url=&#8221;\/en\/contact&#8221; button_text=&#8221;More information ?&#8221; button_alignment=&#8221;left&#8221; admin_label=&#8221;Bouton&#8221; _builder_version=&#8221;3.16&#8243; custom_button=&#8221;on&#8221; button_text_color=&#8221;#ffffff&#8221; button_bg_color=&#8221;#cbd93e&#8221; button_icon=&#8221;%%138%%&#8221; button_letter_spacing_hover=&#8221;0&#8243; global_colors_info=&#8221;{}&#8221; button_text_size__hover_enabled=&#8221;off&#8221; button_one_text_size__hover_enabled=&#8221;off&#8221; button_two_text_size__hover_enabled=&#8221;off&#8221; button_text_color__hover_enabled=&#8221;off&#8221; button_one_text_color__hover_enabled=&#8221;off&#8221; button_two_text_color__hover_enabled=&#8221;off&#8221; button_border_width__hover_enabled=&#8221;off&#8221; button_one_border_width__hover_enabled=&#8221;off&#8221; button_two_border_width__hover_enabled=&#8221;off&#8221; button_border_color__hover_enabled=&#8221;off&#8221; button_one_border_color__hover_enabled=&#8221;off&#8221; button_two_border_color__hover_enabled=&#8221;off&#8221; button_border_radius__hover_enabled=&#8221;off&#8221; button_one_border_radius__hover_enabled=&#8221;off&#8221; button_two_border_radius__hover_enabled=&#8221;off&#8221; button_letter_spacing__hover_enabled=&#8221;on&#8221; button_letter_spacing__hover=&#8221;0&#8243; button_one_letter_spacing__hover_enabled=&#8221;off&#8221; button_two_letter_spacing__hover_enabled=&#8221;off&#8221; button_bg_color__hover_enabled=&#8221;off&#8221; button_one_bg_color__hover_enabled=&#8221;off&#8221; button_two_bg_color__hover_enabled=&#8221;off&#8221;][\/et_pb_button][\/et_pb_column][et_pb_column type=&#8221;1_3&#8243; _builder_version=&#8221;3.25&#8243; custom_padding=&#8221;|||&#8221; global_colors_info=&#8221;{}&#8221; custom_padding__hover=&#8221;|||&#8221;][et_pb_sidebar orientation=&#8221;right&#8221; area=&#8221;sidebar-1&#8243; admin_label=&#8221;Sidebar&#8221; _builder_version=&#8221;3.0.74&#8243; global_colors_info=&#8221;{}&#8221;][\/et_pb_sidebar][\/et_pb_column][\/et_pb_row][\/et_pb_section]<\/p>\n","protected":false},"excerpt":{"rendered":"<p>&nbsp; &nbsp; Jean-Louis Festeraerts | Founder &amp; CEO After holding management positions in U.S. and European multinationals (Xerox, Societe Generale and Econocom), Jean-Louis decided ten years ago to devote to training and coaching. He now headsFoster &amp;Little, which has only one goal: to improve the quality of life of participants in various training on their [&hellip;]<\/p>\n","protected":false},"author":1,"featured_media":0,"parent":0,"menu_order":0,"comment_status":"closed","ping_status":"closed","template":"","meta":{"_et_pb_use_builder":"on","_et_pb_old_content":"","_et_gb_content_width":"","footnotes":""},"class_list":["post-5032","page","type-page","status-publish","hentry"],"yoast_head":"<!-- This site is optimized with the Yoast SEO plugin v24.8.1 - https:\/\/yoast.com\/wordpress\/plugins\/seo\/ -->\n<title>Staff - Foster Little<\/title>\n<meta name=\"robots\" content=\"index, follow, max-snippet:-1, max-image-preview:large, max-video-preview:-1\" \/>\n<link rel=\"canonical\" href=\"https:\/\/foster-little.com\/en\/staff\/\" \/>\n<meta property=\"og:locale\" content=\"en_US\" \/>\n<meta property=\"og:type\" content=\"article\" \/>\n<meta property=\"og:title\" content=\"Staff - Foster Little\" \/>\n<meta property=\"og:description\" content=\"&nbsp; &nbsp; Jean-Louis Festeraerts | Founder &amp; CEO After holding management positions in U.S. and European multinationals (Xerox, Societe Generale and Econocom), Jean-Louis decided ten years ago to devote to training and coaching. He now headsFoster &amp;Little, which has only one goal: to improve the quality of life of participants in various training on their [&hellip;]\" \/>\n<meta property=\"og:url\" content=\"https:\/\/foster-little.com\/en\/staff\/\" \/>\n<meta property=\"og:site_name\" content=\"Foster Little\" \/>\n<meta property=\"article:modified_time\" content=\"2023-09-22T21:41:18+00:00\" \/>\n<meta property=\"og:image\" content=\"https:\/\/foster-little.com\/wp-content\/uploads\/2017\/05\/Jean-Louis-Festeraerts-Foster-Little.jpg\" \/>\n<meta name=\"twitter:card\" content=\"summary_large_image\" \/>\n<meta name=\"twitter:label1\" content=\"Est. reading time\" \/>\n\t<meta name=\"twitter:data1\" content=\"7 minutes\" \/>\n<script type=\"application\/ld+json\" class=\"yoast-schema-graph\">{\"@context\":\"https:\/\/schema.org\",\"@graph\":[{\"@type\":\"WebPage\",\"@id\":\"https:\/\/foster-little.com\/en\/staff\/\",\"url\":\"https:\/\/foster-little.com\/en\/staff\/\",\"name\":\"Staff - Foster Little\",\"isPartOf\":{\"@id\":\"https:\/\/foster-little.com\/#website\"},\"primaryImageOfPage\":{\"@id\":\"https:\/\/foster-little.com\/en\/staff\/#primaryimage\"},\"image\":{\"@id\":\"https:\/\/foster-little.com\/en\/staff\/#primaryimage\"},\"thumbnailUrl\":\"https:\/\/foster-little.com\/wp-content\/uploads\/2017\/05\/Jean-Louis-Festeraerts-Foster-Little.jpg\",\"datePublished\":\"2017-09-26T18:09:05+00:00\",\"dateModified\":\"2023-09-22T21:41:18+00:00\",\"breadcrumb\":{\"@id\":\"https:\/\/foster-little.com\/en\/staff\/#breadcrumb\"},\"inLanguage\":\"en-US\",\"potentialAction\":[{\"@type\":\"ReadAction\",\"target\":[\"https:\/\/foster-little.com\/en\/staff\/\"]}]},{\"@type\":\"ImageObject\",\"inLanguage\":\"en-US\",\"@id\":\"https:\/\/foster-little.com\/en\/staff\/#primaryimage\",\"url\":\"https:\/\/foster-little.com\/wp-content\/uploads\/2017\/05\/Jean-Louis-Festeraerts-Foster-Little.jpg\",\"contentUrl\":\"https:\/\/foster-little.com\/wp-content\/uploads\/2017\/05\/Jean-Louis-Festeraerts-Foster-Little.jpg\"},{\"@type\":\"BreadcrumbList\",\"@id\":\"https:\/\/foster-little.com\/en\/staff\/#breadcrumb\",\"itemListElement\":[{\"@type\":\"ListItem\",\"position\":1,\"name\":\"Accueil\",\"item\":\"https:\/\/foster-little.com\/en\/\"},{\"@type\":\"ListItem\",\"position\":2,\"name\":\"Staff\"}]},{\"@type\":\"WebSite\",\"@id\":\"https:\/\/foster-little.com\/#website\",\"url\":\"https:\/\/foster-little.com\/\",\"name\":\"Foster Little\",\"description\":\"\",\"potentialAction\":[{\"@type\":\"SearchAction\",\"target\":{\"@type\":\"EntryPoint\",\"urlTemplate\":\"https:\/\/foster-little.com\/?s={search_term_string}\"},\"query-input\":{\"@type\":\"PropertyValueSpecification\",\"valueRequired\":true,\"valueName\":\"search_term_string\"}}],\"inLanguage\":\"en-US\"}]}<\/script>\n<!-- \/ Yoast SEO plugin. -->","yoast_head_json":{"title":"Staff - Foster Little","robots":{"index":"index","follow":"follow","max-snippet":"max-snippet:-1","max-image-preview":"max-image-preview:large","max-video-preview":"max-video-preview:-1"},"canonical":"https:\/\/foster-little.com\/en\/staff\/","og_locale":"en_US","og_type":"article","og_title":"Staff - Foster Little","og_description":"&nbsp; &nbsp; Jean-Louis Festeraerts | Founder &amp; CEO After holding management positions in U.S. and European multinationals (Xerox, Societe Generale and Econocom), Jean-Louis decided ten years ago to devote to training and coaching. He now headsFoster &amp;Little, which has only one goal: to improve the quality of life of participants in various training on their [&hellip;]","og_url":"https:\/\/foster-little.com\/en\/staff\/","og_site_name":"Foster Little","article_modified_time":"2023-09-22T21:41:18+00:00","og_image":[{"url":"https:\/\/foster-little.com\/wp-content\/uploads\/2017\/05\/Jean-Louis-Festeraerts-Foster-Little.jpg","type":"","width":"","height":""}],"twitter_card":"summary_large_image","twitter_misc":{"Est. reading time":"7 minutes"},"schema":{"@context":"https:\/\/schema.org","@graph":[{"@type":"WebPage","@id":"https:\/\/foster-little.com\/en\/staff\/","url":"https:\/\/foster-little.com\/en\/staff\/","name":"Staff - Foster Little","isPartOf":{"@id":"https:\/\/foster-little.com\/#website"},"primaryImageOfPage":{"@id":"https:\/\/foster-little.com\/en\/staff\/#primaryimage"},"image":{"@id":"https:\/\/foster-little.com\/en\/staff\/#primaryimage"},"thumbnailUrl":"https:\/\/foster-little.com\/wp-content\/uploads\/2017\/05\/Jean-Louis-Festeraerts-Foster-Little.jpg","datePublished":"2017-09-26T18:09:05+00:00","dateModified":"2023-09-22T21:41:18+00:00","breadcrumb":{"@id":"https:\/\/foster-little.com\/en\/staff\/#breadcrumb"},"inLanguage":"en-US","potentialAction":[{"@type":"ReadAction","target":["https:\/\/foster-little.com\/en\/staff\/"]}]},{"@type":"ImageObject","inLanguage":"en-US","@id":"https:\/\/foster-little.com\/en\/staff\/#primaryimage","url":"https:\/\/foster-little.com\/wp-content\/uploads\/2017\/05\/Jean-Louis-Festeraerts-Foster-Little.jpg","contentUrl":"https:\/\/foster-little.com\/wp-content\/uploads\/2017\/05\/Jean-Louis-Festeraerts-Foster-Little.jpg"},{"@type":"BreadcrumbList","@id":"https:\/\/foster-little.com\/en\/staff\/#breadcrumb","itemListElement":[{"@type":"ListItem","position":1,"name":"Accueil","item":"https:\/\/foster-little.com\/en\/"},{"@type":"ListItem","position":2,"name":"Staff"}]},{"@type":"WebSite","@id":"https:\/\/foster-little.com\/#website","url":"https:\/\/foster-little.com\/","name":"Foster Little","description":"","potentialAction":[{"@type":"SearchAction","target":{"@type":"EntryPoint","urlTemplate":"https:\/\/foster-little.com\/?s={search_term_string}"},"query-input":{"@type":"PropertyValueSpecification","valueRequired":true,"valueName":"search_term_string"}}],"inLanguage":"en-US"}]}},"_links":{"self":[{"href":"https:\/\/foster-little.com\/en\/wp-json\/wp\/v2\/pages\/5032","targetHints":{"allow":["GET"]}}],"collection":[{"href":"https:\/\/foster-little.com\/en\/wp-json\/wp\/v2\/pages"}],"about":[{"href":"https:\/\/foster-little.com\/en\/wp-json\/wp\/v2\/types\/page"}],"author":[{"embeddable":true,"href":"https:\/\/foster-little.com\/en\/wp-json\/wp\/v2\/users\/1"}],"replies":[{"embeddable":true,"href":"https:\/\/foster-little.com\/en\/wp-json\/wp\/v2\/comments?post=5032"}],"version-history":[{"count":7,"href":"https:\/\/foster-little.com\/en\/wp-json\/wp\/v2\/pages\/5032\/revisions"}],"predecessor-version":[{"id":5915,"href":"https:\/\/foster-little.com\/en\/wp-json\/wp\/v2\/pages\/5032\/revisions\/5915"}],"wp:attachment":[{"href":"https:\/\/foster-little.com\/en\/wp-json\/wp\/v2\/media?parent=5032"}],"curies":[{"name":"wp","href":"https:\/\/api.w.org\/{rel}","templated":true}]}}