{"id":4457,"date":"2011-10-18T11:19:50","date_gmt":"2011-10-18T09:19:50","guid":{"rendered":"https:\/\/foster-little.com\/societe\/"},"modified":"2017-09-26T08:52:00","modified_gmt":"2017-09-26T06:52:00","slug":"over-foster-little","status":"publish","type":"page","link":"https:\/\/foster-little.com\/nl\/over-foster-little\/","title":{"rendered":"Over Ons"},"content":{"rendered":"<p>[et_pb_section bb_built=&#8221;1&#8243; admin_label=&#8221;section&#8221; background_color=&#8221;#2ea3f2&#8243; inner_shadow=&#8221;on&#8221; fullwidth=&#8221;on&#8221;][et_pb_fullwidth_header admin_label=&#8221;Fullwidth Header&#8221; title=&#8221;Over Ons&#8221; background_layout=&#8221;dark&#8221; background_color=&#8221;#679810&#8243; text_orientation=&#8221;left&#8221; header_fullscreen=&#8221;off&#8221; header_scroll_down=&#8221;off&#8221; parallax=&#8221;off&#8221; parallax_method=&#8221;off&#8221; content_orientation=&#8221;center&#8221; image_orientation=&#8221;center&#8221; custom_button_one=&#8221;off&#8221; button_one_letter_spacing=&#8221;0&#8243; button_one_use_icon=&#8221;default&#8221; button_one_icon_placement=&#8221;right&#8221; button_one_on_hover=&#8221;on&#8221; button_one_letter_spacing_hover=&#8221;0&#8243; custom_button_two=&#8221;off&#8221; button_two_letter_spacing=&#8221;0&#8243; button_two_use_icon=&#8221;default&#8221; button_two_icon_placement=&#8221;right&#8221; button_two_on_hover=&#8221;on&#8221; button_two_letter_spacing_hover=&#8221;0&#8243;]<\/p>\n<p>[\/et_pb_fullwidth_header][\/et_pb_section][et_pb_section bb_built=&#8221;1&#8243; admin_label=&#8221;section&#8221; specialty=&#8221;on&#8221;][et_pb_column type=&#8221;3_4&#8243; specialty_columns=&#8221;3&#8243;][et_pb_row_inner admin_label=&#8221;row_inner&#8221;][et_pb_column_inner type=&#8221;4_4&#8243; saved_specialty_column_type=&#8221;3_4&#8243;][et_pb_text admin_label=&#8221;Texte&#8221; background_layout=&#8221;light&#8221; text_orientation=&#8221;left&#8221; use_border_color=&#8221;off&#8221; border_color=&#8221;#ffffff&#8221; border_style=&#8221;solid&#8221;]<\/p>\n<p><img loading=\"lazy\" decoding=\"async\" class=\"alignnone size-full wp-image-4453\" src=\"https:\/\/foster-little.com\/wp-content\/uploads\/2011\/10\/Banner-formation-foster-little-02.jpg\" alt=\"\" width=\"796\" height=\"235\" srcset=\"https:\/\/foster-little.com\/wp-content\/uploads\/2011\/10\/Banner-formation-foster-little-02.jpg 796w, https:\/\/foster-little.com\/wp-content\/uploads\/2011\/10\/Banner-formation-foster-little-02-600x177.jpg 600w, https:\/\/foster-little.com\/wp-content\/uploads\/2011\/10\/Banner-formation-foster-little-02-300x89.jpg 300w, https:\/\/foster-little.com\/wp-content\/uploads\/2011\/10\/Banner-formation-foster-little-02-768x227.jpg 768w\" sizes=\"(max-width: 796px) 100vw, 796px\" \/><\/p>\n<p>Foster &amp; Little\u2019s missie is om bedrijven te helpen in hun ontwikkeling. Vanuit haar pragmatische aanpak slaagt Foster &amp; Little er steeds in om succesvol concrete resultaten te leveren.<\/p>\n<p>Om onze klanten de beste expertise te bieden, werkt Foster &amp; Little met medewerkers die zelf een ruime professionele carri\u00e8re hadden vooraleer ze trainer of consultant werden.<\/p>\n<p>Dankzij onze pedagogiek, samen met de kennis en ervaring in verschillende sectoren, kan Foster &amp; Little snel operationele en duurzame oplossingen aanbieden.<\/p>\n<p>Deze succesvolle aanpak wordt ook door onze klanten bevestigd, wat resulteert in een tevredenheidsniveau van 97,6% (Qfor audit).<\/p>\n<p>Heeft u nog vragen, neem dan contact met ons op\u00a0<a href=\"\/nl\/contact\">voor uw probleem <\/a>voorleggen.<\/p>\n<p style=\"text-align: justify;\"><img loading=\"lazy\" decoding=\"async\" class=\"alignleft wp-image-1660 size-thumbnail\" src=\"https:\/\/foster-little.com\/wp-content\/uploads\/2011\/10\/Qfor-Logo-150x100.png\" alt=\"Qfor-Logo\" width=\"150\" height=\"100\" \/><\/p>\n<p>[\/et_pb_text][\/et_pb_column_inner][\/et_pb_row_inner][et_pb_row_inner admin_label=&#8221;Ligne&#8221;][et_pb_column_inner type=&#8221;4_4&#8243; saved_specialty_column_type=&#8221;3_4&#8243;][et_pb_button admin_label=&#8221;Bouton&#8221; button_url=&#8221;\/contact\/&#8221; button_text=&#8221;Verzoek om informatie ?&#8221; button_alignment=&#8221;left&#8221; custom_button=&#8221;on&#8221; button_text_color=&#8221;#ffffff&#8221; button_bg_color=&#8221;#cbd93e&#8221; button_icon=&#8221;%%138%%&#8221; background_color=&#8221;#7EBEC5&#8243; url_new_window=&#8221;off&#8221; background_layout=&#8221;light&#8221; button_letter_spacing=&#8221;0&#8243; button_use_icon=&#8221;default&#8221; button_icon_placement=&#8221;right&#8221; button_on_hover=&#8221;on&#8221; button_letter_spacing_hover=&#8221;0&#8243;]<\/p>\n<p>[\/et_pb_button][\/et_pb_column_inner][\/et_pb_row_inner][\/et_pb_column][et_pb_column type=&#8221;1_4&#8243;][et_pb_sidebar admin_label=&#8221;Sidebar&#8221; orientation=&#8221;right&#8221;]<\/p>\n<p>[\/et_pb_sidebar][\/et_pb_column][\/et_pb_section]<\/p>\n","protected":false},"excerpt":{"rendered":"<p>Foster &amp; Little\u2019s missie is om bedrijven te helpen in hun ontwikkeling. Vanuit haar pragmatische aanpak slaagt Foster &amp; Little er steeds in om succesvol concrete resultaten te leveren. Om onze klanten de beste expertise te bieden, werkt Foster &amp; Little met medewerkers die zelf een ruime professionele carri\u00e8re hadden vooraleer ze trainer of consultant [&hellip;]<\/p>\n","protected":false},"author":3,"featured_media":0,"parent":0,"menu_order":5,"comment_status":"closed","ping_status":"closed","template":"","meta":{"_et_pb_use_builder":"on","_et_pb_old_content":"<p style=\"text-align: justify;\"><img class=\"alignnone size-full wp-image-91\" title=\"Apropos\" src=\"https:\/\/foster-little.com\/wp-content\/uploads\/2011\/10\/Apropos.jpg\" alt=\"\" width=\"640\" height=\"100\" \/><\/p><p style=\"text-align: justify;\">A ce jour Foster & Little a form\u00e9 <strong>plus de 4.500 personnes<\/strong> dans plus de <strong>75 soci\u00e9t\u00e9s publiques comme priv\u00e9es<\/strong> ainsi que dans <strong>des h\u00f4pitaux<\/strong>.<\/p><p style=\"text-align: justify;\"><img class=\"alignleft wp-image-1660 size-thumbnail\" src=\"https:\/\/foster-little.com\/wp-content\/uploads\/2011\/10\/Qfor-Logo-150x100.png\" alt=\"Qfor-Logo\" width=\"150\" height=\"100\" \/><\/p><p style=\"text-align: justify;\">Le <strong>niveau de satisfaction<\/strong> de nos clients est particuli\u00e8rement \u00e9lev\u00e9 car une audit <strong>Qfor<\/strong> a r\u00e9v\u00e9l\u00e9 que ceux-ci \u00e9tait satisfait \u00e0 hauteur de <strong>97,6%<\/strong><\/p><p>\u00a0<\/p><p style=\"text-align: justify;\"><img class=\"alignleft size-full wp-image-1662\" src=\"https:\/\/foster-little.com\/wp-content\/uploads\/2011\/10\/HR-Foster-150x100.png\" alt=\"HR-Foster-150x100\" width=\"150\" height=\"100\" \/>Foster & Little a \u00e9t\u00e9 nomin\u00e9 en 2012 dans la cat\u00e9gorie \u00ab <strong>Meilleure soci\u00e9t\u00e9 de Formation et de Coaching<\/strong> \u00bb par 1.350 Directeurs des Ressources humaines et 750 CEO\u2019s de grandes entreprises. (Avec le logo Award rouge)<\/p><p>\u00a0<\/p><p style=\"text-align: justify;\">Pour atteindre de telles performances, Foster & Little a regroup\u00e9 des formateurs et des coaches ayant tous au minimum u<strong>ne exp\u00e9rience d'une quinzaine d'ann\u00e9es<\/strong> aupr\u00e8s de grandes entreprises.<\/p><p style=\"text-align: justify;\">Ils y ont tous occup\u00e9 des postes de manager et\/ou de directeurs g\u00e9n\u00e9raux.<\/p><p style=\"text-align: justify;\">Nous sommes en effet convaincus que seuls des personnes ayant \u00e9t\u00e9 confront\u00e9es \u00e0 la r\u00e9alit\u00e9 de terrain sont \u00e0 m\u00eame de comprendre les enjeux et donc d'amener des solutions sp\u00e9cifiques.<\/p><p style=\"text-align: justify;\">Cette exp\u00e9rience de terrain doubl\u00e9 de formations pertinentes (coaching, AT, PNL, DISC, Insight\u2026) nous permet d'offrir \u00e0 nos diff\u00e9rents clients des accompagnements adapt\u00e9s \u00e0 chaque environnement. Ils enseignent \u00e9galement dans diff\u00e9rentes HEC.<\/p><p style=\"text-align: justify;\">Notre m\u00e9thodologie sp\u00e9cifique (voirhttps:\/\/foster-little.com\/a-propos\/methodologie\/ ) s'appuie en plus sur des outils de diagnostics pertinents.<\/p><p style=\"text-align: justify;\"><strong>Notre seul soucis<\/strong> : am\u00e9liorer le bien-\u00eatre des collaborateurs sur leur lieu de travail et donc leur niveau de comp\u00e9tence.<\/p><p style=\"text-align: justify;\">Enfin, en coh\u00e9rence avec ses valeurs, Foster & Little <strong>reverse 1% de ses r\u00e9sultats<\/strong> \u00e0 une association visant \u00e0 favoriser l'enseignement aupr\u00e8s des plus d\u00e9munis.<\/p><p style=\"text-align: justify;\"><em>D\u00e9claration d'activit\u00e9 enregistr\u00e9e sous le num\u00e9ro 31 59 09022 59 aupr\u00e8s du Pr\u00e9fet de la r\u00e9gion Nord Pas de Calais<\/em><\/p><p style=\"text-align: justify;\">Si vous avez la moindre question, n'h\u00e9sitez pas \u00e0 <a href=\"https:\/\/foster-little.com\/contact\/\">nous contacter <\/a>pour nous soumettre votre probl\u00e9matique.<\/p>","_et_gb_content_width":"","footnotes":""},"class_list":["post-4457","page","type-page","status-publish","hentry"],"yoast_head":"<!-- This site is optimized with the Yoast SEO plugin v24.8.1 - https:\/\/yoast.com\/wordpress\/plugins\/seo\/ -->\n<title>Soci\u00e9t\u00e9- Foster &amp; Little : Formations, conseils et coaching d&#039;entreprise<\/title>\n<meta name=\"description\" content=\"A ce jour Foster &amp; Little a form\u00e9 plus de 4.500 personnes dans plus de 75 soci\u00e9t\u00e9s publiques comme priv\u00e9es ainsi que dans des h\u00f4pitaux.\" \/>\n<meta name=\"robots\" content=\"index, follow, max-snippet:-1, max-image-preview:large, max-video-preview:-1\" \/>\n<link rel=\"canonical\" href=\"https:\/\/foster-little.com\/nl\/over-foster-little\/\" \/>\n<meta property=\"og:locale\" content=\"nl_NL\" \/>\n<meta property=\"og:type\" content=\"article\" \/>\n<meta property=\"og:title\" content=\"Soci\u00e9t\u00e9- Foster &amp; Little : Formations, conseils et coaching d&#039;entreprise\" \/>\n<meta property=\"og:description\" content=\"A ce jour Foster &amp; Little a form\u00e9 plus de 4.500 personnes dans plus de 75 soci\u00e9t\u00e9s publiques comme priv\u00e9es ainsi que dans des h\u00f4pitaux.\" \/>\n<meta property=\"og:url\" content=\"https:\/\/foster-little.com\/nl\/over-foster-little\/\" \/>\n<meta property=\"og:site_name\" content=\"Foster Little\" \/>\n<meta property=\"article:modified_time\" content=\"2017-09-26T06:52:00+00:00\" \/>\n<meta property=\"og:image\" content=\"https:\/\/foster-little.com\/wp-content\/uploads\/2011\/10\/Banner-formation-foster-little-02.jpg\" \/>\n\t<meta property=\"og:image:width\" content=\"796\" \/>\n\t<meta property=\"og:image:height\" content=\"235\" \/>\n\t<meta property=\"og:image:type\" content=\"image\/jpeg\" \/>\n<meta name=\"twitter:card\" content=\"summary_large_image\" \/>\n<meta name=\"twitter:label1\" content=\"Geschatte leestijd\" \/>\n\t<meta name=\"twitter:data1\" content=\"2 minuten\" \/>\n<script type=\"application\/ld+json\" class=\"yoast-schema-graph\">{\"@context\":\"https:\/\/schema.org\",\"@graph\":[{\"@type\":\"WebPage\",\"@id\":\"https:\/\/foster-little.com\/nl\/over-foster-little\/\",\"url\":\"https:\/\/foster-little.com\/nl\/over-foster-little\/\",\"name\":\"Soci\u00e9t\u00e9- Foster & Little : Formations, conseils et coaching d'entreprise\",\"isPartOf\":{\"@id\":\"https:\/\/foster-little.com\/#website\"},\"primaryImageOfPage\":{\"@id\":\"https:\/\/foster-little.com\/nl\/over-foster-little\/#primaryimage\"},\"image\":{\"@id\":\"https:\/\/foster-little.com\/nl\/over-foster-little\/#primaryimage\"},\"thumbnailUrl\":\"https:\/\/foster-little.com\/wp-content\/uploads\/2011\/10\/Banner-formation-foster-little-02.jpg\",\"datePublished\":\"2011-10-18T09:19:50+00:00\",\"dateModified\":\"2017-09-26T06:52:00+00:00\",\"description\":\"A ce jour Foster & Little a form\u00e9 plus de 4.500 personnes dans plus de 75 soci\u00e9t\u00e9s publiques comme priv\u00e9es ainsi que dans des h\u00f4pitaux.\",\"breadcrumb\":{\"@id\":\"https:\/\/foster-little.com\/nl\/over-foster-little\/#breadcrumb\"},\"inLanguage\":\"nl-NL\",\"potentialAction\":[{\"@type\":\"ReadAction\",\"target\":[\"https:\/\/foster-little.com\/nl\/over-foster-little\/\"]}]},{\"@type\":\"ImageObject\",\"inLanguage\":\"nl-NL\",\"@id\":\"https:\/\/foster-little.com\/nl\/over-foster-little\/#primaryimage\",\"url\":\"https:\/\/foster-little.com\/wp-content\/uploads\/2011\/10\/Banner-formation-foster-little-02.jpg\",\"contentUrl\":\"https:\/\/foster-little.com\/wp-content\/uploads\/2011\/10\/Banner-formation-foster-little-02.jpg\"},{\"@type\":\"BreadcrumbList\",\"@id\":\"https:\/\/foster-little.com\/nl\/over-foster-little\/#breadcrumb\",\"itemListElement\":[{\"@type\":\"ListItem\",\"position\":1,\"name\":\"Accueil\",\"item\":\"https:\/\/foster-little.com\/nl\/\"},{\"@type\":\"ListItem\",\"position\":2,\"name\":\"Over Ons\"}]},{\"@type\":\"WebSite\",\"@id\":\"https:\/\/foster-little.com\/#website\",\"url\":\"https:\/\/foster-little.com\/\",\"name\":\"Foster Little\",\"description\":\"\",\"potentialAction\":[{\"@type\":\"SearchAction\",\"target\":{\"@type\":\"EntryPoint\",\"urlTemplate\":\"https:\/\/foster-little.com\/?s={search_term_string}\"},\"query-input\":{\"@type\":\"PropertyValueSpecification\",\"valueRequired\":true,\"valueName\":\"search_term_string\"}}],\"inLanguage\":\"nl-NL\"}]}<\/script>\n<!-- \/ Yoast SEO plugin. -->","yoast_head_json":{"title":"Soci\u00e9t\u00e9- Foster & Little : Formations, conseils et coaching d'entreprise","description":"A ce jour Foster & Little a form\u00e9 plus de 4.500 personnes dans plus de 75 soci\u00e9t\u00e9s publiques comme priv\u00e9es ainsi que dans des h\u00f4pitaux.","robots":{"index":"index","follow":"follow","max-snippet":"max-snippet:-1","max-image-preview":"max-image-preview:large","max-video-preview":"max-video-preview:-1"},"canonical":"https:\/\/foster-little.com\/nl\/over-foster-little\/","og_locale":"nl_NL","og_type":"article","og_title":"Soci\u00e9t\u00e9- Foster & Little : Formations, conseils et coaching d'entreprise","og_description":"A ce jour Foster & Little a form\u00e9 plus de 4.500 personnes dans plus de 75 soci\u00e9t\u00e9s publiques comme priv\u00e9es ainsi que dans des h\u00f4pitaux.","og_url":"https:\/\/foster-little.com\/nl\/over-foster-little\/","og_site_name":"Foster Little","article_modified_time":"2017-09-26T06:52:00+00:00","og_image":[{"width":796,"height":235,"url":"https:\/\/foster-little.com\/wp-content\/uploads\/2011\/10\/Banner-formation-foster-little-02.jpg","type":"image\/jpeg"}],"twitter_card":"summary_large_image","twitter_misc":{"Geschatte leestijd":"2 minuten"},"schema":{"@context":"https:\/\/schema.org","@graph":[{"@type":"WebPage","@id":"https:\/\/foster-little.com\/nl\/over-foster-little\/","url":"https:\/\/foster-little.com\/nl\/over-foster-little\/","name":"Soci\u00e9t\u00e9- Foster & Little : Formations, conseils et coaching d'entreprise","isPartOf":{"@id":"https:\/\/foster-little.com\/#website"},"primaryImageOfPage":{"@id":"https:\/\/foster-little.com\/nl\/over-foster-little\/#primaryimage"},"image":{"@id":"https:\/\/foster-little.com\/nl\/over-foster-little\/#primaryimage"},"thumbnailUrl":"https:\/\/foster-little.com\/wp-content\/uploads\/2011\/10\/Banner-formation-foster-little-02.jpg","datePublished":"2011-10-18T09:19:50+00:00","dateModified":"2017-09-26T06:52:00+00:00","description":"A ce jour Foster & Little a form\u00e9 plus de 4.500 personnes dans plus de 75 soci\u00e9t\u00e9s publiques comme priv\u00e9es ainsi que dans des h\u00f4pitaux.","breadcrumb":{"@id":"https:\/\/foster-little.com\/nl\/over-foster-little\/#breadcrumb"},"inLanguage":"nl-NL","potentialAction":[{"@type":"ReadAction","target":["https:\/\/foster-little.com\/nl\/over-foster-little\/"]}]},{"@type":"ImageObject","inLanguage":"nl-NL","@id":"https:\/\/foster-little.com\/nl\/over-foster-little\/#primaryimage","url":"https:\/\/foster-little.com\/wp-content\/uploads\/2011\/10\/Banner-formation-foster-little-02.jpg","contentUrl":"https:\/\/foster-little.com\/wp-content\/uploads\/2011\/10\/Banner-formation-foster-little-02.jpg"},{"@type":"BreadcrumbList","@id":"https:\/\/foster-little.com\/nl\/over-foster-little\/#breadcrumb","itemListElement":[{"@type":"ListItem","position":1,"name":"Accueil","item":"https:\/\/foster-little.com\/nl\/"},{"@type":"ListItem","position":2,"name":"Over Ons"}]},{"@type":"WebSite","@id":"https:\/\/foster-little.com\/#website","url":"https:\/\/foster-little.com\/","name":"Foster Little","description":"","potentialAction":[{"@type":"SearchAction","target":{"@type":"EntryPoint","urlTemplate":"https:\/\/foster-little.com\/?s={search_term_string}"},"query-input":{"@type":"PropertyValueSpecification","valueRequired":true,"valueName":"search_term_string"}}],"inLanguage":"nl-NL"}]}},"_links":{"self":[{"href":"https:\/\/foster-little.com\/nl\/wp-json\/wp\/v2\/pages\/4457","targetHints":{"allow":["GET"]}}],"collection":[{"href":"https:\/\/foster-little.com\/nl\/wp-json\/wp\/v2\/pages"}],"about":[{"href":"https:\/\/foster-little.com\/nl\/wp-json\/wp\/v2\/types\/page"}],"author":[{"embeddable":true,"href":"https:\/\/foster-little.com\/nl\/wp-json\/wp\/v2\/users\/3"}],"replies":[{"embeddable":true,"href":"https:\/\/foster-little.com\/nl\/wp-json\/wp\/v2\/comments?post=4457"}],"version-history":[{"count":4,"href":"https:\/\/foster-little.com\/nl\/wp-json\/wp\/v2\/pages\/4457\/revisions"}],"predecessor-version":[{"id":4709,"href":"https:\/\/foster-little.com\/nl\/wp-json\/wp\/v2\/pages\/4457\/revisions\/4709"}],"wp:attachment":[{"href":"https:\/\/foster-little.com\/nl\/wp-json\/wp\/v2\/media?parent=4457"}],"curies":[{"name":"wp","href":"https:\/\/api.w.org\/{rel}","templated":true}]}}