{"id":4763,"date":"2017-05-11T09:50:03","date_gmt":"2017-05-11T07:50:03","guid":{"rendered":"https:\/\/foster-little.com\/references\/"},"modified":"2017-09-26T12:34:49","modified_gmt":"2017-09-26T10:34:49","slug":"referenties","status":"publish","type":"page","link":"https:\/\/foster-little.com\/nl\/referenties\/","title":{"rendered":"Referenties"},"content":{"rendered":"<p>[et_pb_section bb_built=&#8221;1&#8243; admin_label=&#8221;section&#8221; background_color=&#8221;#2ea3f2&#8243; inner_shadow=&#8221;on&#8221; fullwidth=&#8221;on&#8221;][et_pb_fullwidth_header admin_label=&#8221;Fullwidth Header&#8221; title=&#8221;Referenties&#8221; subhead=&#8221;Onze medewerkers hebben bij volgende klanten missies uitgevoerd&#8230;&#8221; background_layout=&#8221;dark&#8221; background_color=&#8221;#679810&#8243; text_orientation=&#8221;left&#8221; header_fullscreen=&#8221;off&#8221; header_scroll_down=&#8221;off&#8221; parallax=&#8221;off&#8221; parallax_method=&#8221;off&#8221; content_orientation=&#8221;center&#8221; image_orientation=&#8221;center&#8221; custom_button_one=&#8221;off&#8221; button_one_letter_spacing=&#8221;0&#8243; button_one_use_icon=&#8221;default&#8221; button_one_icon_placement=&#8221;right&#8221; button_one_on_hover=&#8221;on&#8221; button_one_letter_spacing_hover=&#8221;0&#8243; custom_button_two=&#8221;off&#8221; button_two_letter_spacing=&#8221;0&#8243; button_two_use_icon=&#8221;default&#8221; button_two_icon_placement=&#8221;right&#8221; button_two_on_hover=&#8221;on&#8221; button_two_letter_spacing_hover=&#8221;0&#8243;] [\/et_pb_fullwidth_header][\/et_pb_section][et_pb_section bb_built=&#8221;1&#8243; admin_label=&#8221;section&#8221; specialty=&#8221;on&#8221;][et_pb_column type=&#8221;3_4&#8243; specialty_columns=&#8221;3&#8243;][et_pb_row_inner admin_label=&#8221;row_inner&#8221;][et_pb_column_inner type=&#8221;4_4&#8243; saved_specialty_column_type=&#8221;3_4&#8243;][et_pb_text admin_label=&#8221;Texte&#8221; background_layout=&#8221;light&#8221; text_orientation=&#8221;left&#8221; use_border_color=&#8221;off&#8221; border_color=&#8221;#ffffff&#8221; border_style=&#8221;solid&#8221;]<\/p>\n<h4><strong>Onze medewerkers hebben bij volgende\u00a0 klanten missies uitgevoerd :<\/strong><\/h4>\n<p><img loading=\"lazy\" decoding=\"async\" class=\"alignnone size-full wp-image-4550\" src=\"https:\/\/foster-little.com\/wp-content\/uploads\/2017\/05\/references-foster-little-2017-9.jpg\" alt=\"\" width=\"613\" height=\"916\" srcset=\"https:\/\/foster-little.com\/wp-content\/uploads\/2017\/05\/references-foster-little-2017-9.jpg 613w, https:\/\/foster-little.com\/wp-content\/uploads\/2017\/05\/references-foster-little-2017-9-600x897.jpg 600w, https:\/\/foster-little.com\/wp-content\/uploads\/2017\/05\/references-foster-little-2017-9-201x300.jpg 201w\" sizes=\"(max-width: 613px) 100vw, 613px\" \/><\/p>\n<p>[\/et_pb_text][\/et_pb_column_inner][\/et_pb_row_inner][\/et_pb_column][et_pb_column type=&#8221;1_4&#8243;][et_pb_sidebar admin_label=&#8221;Sidebar&#8221; orientation=&#8221;right&#8221;] [\/et_pb_sidebar][\/et_pb_column][\/et_pb_section][et_pb_section bb_built=&#8221;1&#8243; admin_label=&#8221;Section&#8221; fullwidth=&#8221;off&#8221; specialty=&#8221;off&#8221;][et_pb_row admin_label=&#8221;Ligne&#8221;][et_pb_column type=&#8221;4_4&#8243;][et_pb_text admin_label=&#8221;Texte&#8221; background_layout=&#8221;light&#8221; text_orientation=&#8221;left&#8221; use_border_color=&#8221;off&#8221; border_color=&#8221;#ffffff&#8221; border_style=&#8221;solid&#8221;]<\/p>\n<h4><strong>Hier is de lijst van onze klanten:<\/strong><\/h4>\n<p>[\/et_pb_text][\/et_pb_column][\/et_pb_row][et_pb_row admin_label=&#8221;Ligne&#8221;][et_pb_column type=&#8221;1_3&#8243;][et_pb_text admin_label=&#8221;Texte&#8221; background_layout=&#8221;light&#8221; text_orientation=&#8221;left&#8221; use_border_color=&#8221;off&#8221; border_color=&#8221;#ffffff&#8221; border_style=&#8221;solid&#8221;]<\/p>\n<p>Abbott<br \/>\nAccor<br \/>\nADM De Zaan<br \/>\nApajh (FR)<br \/>\nAss Notaires<br \/>\nAubel<br \/>\nAWEX<br \/>\nAWIPH<br \/>\nBECI<br \/>\nBelfius<br \/>\nBesixRed<br \/>\nBeWan<br \/>\nBiowanze<br \/>\nBlount-Oregon<br \/>\nBNP Paribas<br \/>\nBrunswick<br \/>\nBsolution<br \/>\nBusiness &amp; Decision<br \/>\nCAAMI<br \/>\nCargill<br \/>\nCHC Li\u00e8ge<br \/>\nCHIREC (Cavell\u2026)<br \/>\nCHR Haute Senne<br \/>\nCHU Brugman<br \/>\nChwapi (Hopital Tournai)<br \/>\nColipa<br \/>\nCom Vie priv\u00e9e<br \/>\nCompuware<br \/>\nConhexa<br \/>\nCorman<br \/>\nCosucra<br \/>\nDanone (Alg\u00e9rie)<br \/>\nDapesco<\/p>\n<p>[\/et_pb_text][\/et_pb_column][et_pb_column type=&#8221;1_3&#8243;][et_pb_text admin_label=&#8221;Texte&#8221; background_layout=&#8221;light&#8221; text_orientation=&#8221;left&#8221; use_border_color=&#8221;off&#8221; border_color=&#8221;#ffffff&#8221; border_style=&#8221;solid&#8221;]<\/p>\n<p>Dentsu<br \/>\nElectrabel<br \/>\nEnsival Moret<br \/>\nFacq<br \/>\nFIAT<br \/>\nGaller<br \/>\nGDF Suez<br \/>\nGlobalsSat<br \/>\nGodiva<br \/>\nGrass Savoye<br \/>\nGSK<br \/>\nHerve<br \/>\nHuderf (Hopital des Enfants)<br \/>\nIFAMU<br \/>\nIRIS<br \/>\nIris Canon<br \/>\nIsOSL<br \/>\nKBL<br \/>\nLambda +<br \/>\nLonza<br \/>\nLovenfosse<br \/>\nLucymed<br \/>\nMacopharma<br \/>\nMagotteaux<br \/>\nMediamarkt<br \/>\nMercedes<br \/>\nMewa<br \/>\nMobistar<br \/>\nMondial Assistance<br \/>\nMut Soc<br \/>\nNavitas<br \/>\nNaturhome<br \/>\nNeuhaus<br \/>\nNycomed<\/p>\n<p>[\/et_pb_text][\/et_pb_column][et_pb_column type=&#8221;1_3&#8243;][et_pb_text admin_label=&#8221;Texte&#8221; background_layout=&#8221;light&#8221; text_orientation=&#8221;left&#8221; use_border_color=&#8221;off&#8221; border_color=&#8221;#ffffff&#8221; border_style=&#8221;solid&#8221;]<\/p>\n<p>Orange<br \/>\nOres<br \/>\nOTAN-NATO<br \/>\nPartena<br \/>\nP\u00e8re Olive<br \/>\nPeugeot<br \/>\nPhone House<br \/>\nPolice locale<br \/>\nRicoh<br \/>\nRisk Dynamics<br \/>\nRoche<br \/>\nRTBF<br \/>\nSaturn<br \/>\nSecurex<br \/>\nSelect HR<br \/>\nSIO<br \/>\nSoci\u00e9t\u00e9 G\u00e9n\u00e9rale<br \/>\nSolidaris<br \/>\nSony<br \/>\nSpa<br \/>\nSPW (Service publ. Wallonie)<br \/>\nSt Gobain<br \/>\nSt Luc Bouge<br \/>\nTesa<br \/>\nTotal<br \/>\nUnifine<br \/>\nUnion Europ\u00e9enne<br \/>\nVivalia<br \/>\nVPK<br \/>\nXerox<\/p>\n<p>[\/et_pb_text][\/et_pb_column][\/et_pb_row][et_pb_row admin_label=&#8221;Ligne&#8221;][et_pb_column type=&#8221;4_4&#8243;][et_pb_text admin_label=&#8221;Texte&#8221; background_layout=&#8221;light&#8221; text_orientation=&#8221;left&#8221; use_border_color=&#8221;off&#8221; border_color=&#8221;#ffffff&#8221; border_style=&#8221;solid&#8221;]<\/p>\n<p><strong>Coaches van Foster &amp; Little zijn geregistreerd bij de\u00a0<a title=\"lien vers la soci\u00e9t\u00e9 Awex\" href=\"http:\/\/www.awex.be\/\" target=\"_blank\" rel=\"noopener\">AWEX<\/a><\/strong><\/p>\n<p>[\/et_pb_text][\/et_pb_column][\/et_pb_row][\/et_pb_section]<\/p>\n<span class=\"et_social_bottom_trigger\"><\/span>","protected":false},"excerpt":{"rendered":"<p>Onze medewerkers hebben bij volgende\u00a0 klanten missies uitgevoerd : Hier is de lijst van onze klanten: Abbott Accor ADM De Zaan Apajh (FR) Ass Notaires Aubel AWEX AWIPH BECI Belfius BesixRed BeWan Biowanze Blount-Oregon BNP Paribas Brunswick Bsolution Business &amp; Decision CAAMI Cargill CHC Li\u00e8ge CHIREC (Cavell\u2026) CHR Haute Senne CHU Brugman Chwapi (Hopital Tournai) [&hellip;]<\/p>\n","protected":false},"author":1,"featured_media":0,"parent":0,"menu_order":0,"comment_status":"closed","ping_status":"closed","template":"","meta":{"_et_pb_use_builder":"on","_et_pb_old_content":"","_et_gb_content_width":"","footnotes":""},"class_list":["post-4763","page","type-page","status-publish","hentry"],"yoast_head":"<!-- This site is optimized with the Yoast SEO plugin v24.8.1 - https:\/\/yoast.com\/wordpress\/plugins\/seo\/ -->\n<title>Referenties - Foster Little<\/title>\n<meta name=\"robots\" content=\"index, follow, max-snippet:-1, max-image-preview:large, max-video-preview:-1\" \/>\n<link rel=\"canonical\" href=\"https:\/\/foster-little.com\/nl\/referenties\/\" \/>\n<meta property=\"og:locale\" content=\"nl_NL\" \/>\n<meta property=\"og:type\" content=\"article\" \/>\n<meta property=\"og:title\" content=\"Referenties - Foster Little\" \/>\n<meta property=\"og:description\" content=\"Onze medewerkers hebben bij volgende\u00a0 klanten missies uitgevoerd : Hier is de lijst van onze klanten: Abbott Accor ADM De Zaan Apajh (FR) Ass Notaires Aubel AWEX AWIPH BECI Belfius BesixRed BeWan Biowanze Blount-Oregon BNP Paribas Brunswick Bsolution Business &amp; Decision CAAMI Cargill CHC Li\u00e8ge CHIREC (Cavell\u2026) CHR Haute Senne CHU Brugman Chwapi (Hopital Tournai) [&hellip;]\" \/>\n<meta property=\"og:url\" content=\"https:\/\/foster-little.com\/nl\/referenties\/\" \/>\n<meta property=\"og:site_name\" content=\"Foster Little\" \/>\n<meta property=\"article:modified_time\" content=\"2017-09-26T10:34:49+00:00\" \/>\n<meta property=\"og:image\" content=\"https:\/\/foster-little.com\/wp-content\/uploads\/2017\/05\/references-foster-little-2017-9.jpg\" \/>\n\t<meta property=\"og:image:width\" content=\"613\" \/>\n\t<meta property=\"og:image:height\" content=\"916\" \/>\n\t<meta property=\"og:image:type\" content=\"image\/jpeg\" \/>\n<meta name=\"twitter:card\" content=\"summary_large_image\" \/>\n<meta name=\"twitter:label1\" content=\"Geschatte leestijd\" \/>\n\t<meta name=\"twitter:data1\" content=\"3 minuten\" \/>\n<script type=\"application\/ld+json\" class=\"yoast-schema-graph\">{\"@context\":\"https:\/\/schema.org\",\"@graph\":[{\"@type\":\"WebPage\",\"@id\":\"https:\/\/foster-little.com\/nl\/referenties\/\",\"url\":\"https:\/\/foster-little.com\/nl\/referenties\/\",\"name\":\"Referenties - Foster Little\",\"isPartOf\":{\"@id\":\"https:\/\/foster-little.com\/#website\"},\"primaryImageOfPage\":{\"@id\":\"https:\/\/foster-little.com\/nl\/referenties\/#primaryimage\"},\"image\":{\"@id\":\"https:\/\/foster-little.com\/nl\/referenties\/#primaryimage\"},\"thumbnailUrl\":\"https:\/\/foster-little.com\/wp-content\/uploads\/2017\/05\/references-foster-little-2017-9.jpg\",\"datePublished\":\"2017-05-11T07:50:03+00:00\",\"dateModified\":\"2017-09-26T10:34:49+00:00\",\"breadcrumb\":{\"@id\":\"https:\/\/foster-little.com\/nl\/referenties\/#breadcrumb\"},\"inLanguage\":\"nl-NL\",\"potentialAction\":[{\"@type\":\"ReadAction\",\"target\":[\"https:\/\/foster-little.com\/nl\/referenties\/\"]}]},{\"@type\":\"ImageObject\",\"inLanguage\":\"nl-NL\",\"@id\":\"https:\/\/foster-little.com\/nl\/referenties\/#primaryimage\",\"url\":\"https:\/\/foster-little.com\/wp-content\/uploads\/2017\/05\/references-foster-little-2017-9.jpg\",\"contentUrl\":\"https:\/\/foster-little.com\/wp-content\/uploads\/2017\/05\/references-foster-little-2017-9.jpg\"},{\"@type\":\"BreadcrumbList\",\"@id\":\"https:\/\/foster-little.com\/nl\/referenties\/#breadcrumb\",\"itemListElement\":[{\"@type\":\"ListItem\",\"position\":1,\"name\":\"Accueil\",\"item\":\"https:\/\/foster-little.com\/nl\/\"},{\"@type\":\"ListItem\",\"position\":2,\"name\":\"Referenties\"}]},{\"@type\":\"WebSite\",\"@id\":\"https:\/\/foster-little.com\/#website\",\"url\":\"https:\/\/foster-little.com\/\",\"name\":\"Foster Little\",\"description\":\"\",\"potentialAction\":[{\"@type\":\"SearchAction\",\"target\":{\"@type\":\"EntryPoint\",\"urlTemplate\":\"https:\/\/foster-little.com\/?s={search_term_string}\"},\"query-input\":{\"@type\":\"PropertyValueSpecification\",\"valueRequired\":true,\"valueName\":\"search_term_string\"}}],\"inLanguage\":\"nl-NL\"}]}<\/script>\n<!-- \/ Yoast SEO plugin. -->","yoast_head_json":{"title":"Referenties - Foster Little","robots":{"index":"index","follow":"follow","max-snippet":"max-snippet:-1","max-image-preview":"max-image-preview:large","max-video-preview":"max-video-preview:-1"},"canonical":"https:\/\/foster-little.com\/nl\/referenties\/","og_locale":"nl_NL","og_type":"article","og_title":"Referenties - Foster Little","og_description":"Onze medewerkers hebben bij volgende\u00a0 klanten missies uitgevoerd : Hier is de lijst van onze klanten: Abbott Accor ADM De Zaan Apajh (FR) Ass Notaires Aubel AWEX AWIPH BECI Belfius BesixRed BeWan Biowanze Blount-Oregon BNP Paribas Brunswick Bsolution Business &amp; Decision CAAMI Cargill CHC Li\u00e8ge CHIREC (Cavell\u2026) CHR Haute Senne CHU Brugman Chwapi (Hopital Tournai) [&hellip;]","og_url":"https:\/\/foster-little.com\/nl\/referenties\/","og_site_name":"Foster Little","article_modified_time":"2017-09-26T10:34:49+00:00","og_image":[{"width":613,"height":916,"url":"https:\/\/foster-little.com\/wp-content\/uploads\/2017\/05\/references-foster-little-2017-9.jpg","type":"image\/jpeg"}],"twitter_card":"summary_large_image","twitter_misc":{"Geschatte leestijd":"3 minuten"},"schema":{"@context":"https:\/\/schema.org","@graph":[{"@type":"WebPage","@id":"https:\/\/foster-little.com\/nl\/referenties\/","url":"https:\/\/foster-little.com\/nl\/referenties\/","name":"Referenties - Foster Little","isPartOf":{"@id":"https:\/\/foster-little.com\/#website"},"primaryImageOfPage":{"@id":"https:\/\/foster-little.com\/nl\/referenties\/#primaryimage"},"image":{"@id":"https:\/\/foster-little.com\/nl\/referenties\/#primaryimage"},"thumbnailUrl":"https:\/\/foster-little.com\/wp-content\/uploads\/2017\/05\/references-foster-little-2017-9.jpg","datePublished":"2017-05-11T07:50:03+00:00","dateModified":"2017-09-26T10:34:49+00:00","breadcrumb":{"@id":"https:\/\/foster-little.com\/nl\/referenties\/#breadcrumb"},"inLanguage":"nl-NL","potentialAction":[{"@type":"ReadAction","target":["https:\/\/foster-little.com\/nl\/referenties\/"]}]},{"@type":"ImageObject","inLanguage":"nl-NL","@id":"https:\/\/foster-little.com\/nl\/referenties\/#primaryimage","url":"https:\/\/foster-little.com\/wp-content\/uploads\/2017\/05\/references-foster-little-2017-9.jpg","contentUrl":"https:\/\/foster-little.com\/wp-content\/uploads\/2017\/05\/references-foster-little-2017-9.jpg"},{"@type":"BreadcrumbList","@id":"https:\/\/foster-little.com\/nl\/referenties\/#breadcrumb","itemListElement":[{"@type":"ListItem","position":1,"name":"Accueil","item":"https:\/\/foster-little.com\/nl\/"},{"@type":"ListItem","position":2,"name":"Referenties"}]},{"@type":"WebSite","@id":"https:\/\/foster-little.com\/#website","url":"https:\/\/foster-little.com\/","name":"Foster Little","description":"","potentialAction":[{"@type":"SearchAction","target":{"@type":"EntryPoint","urlTemplate":"https:\/\/foster-little.com\/?s={search_term_string}"},"query-input":{"@type":"PropertyValueSpecification","valueRequired":true,"valueName":"search_term_string"}}],"inLanguage":"nl-NL"}]}},"_links":{"self":[{"href":"https:\/\/foster-little.com\/nl\/wp-json\/wp\/v2\/pages\/4763","targetHints":{"allow":["GET"]}}],"collection":[{"href":"https:\/\/foster-little.com\/nl\/wp-json\/wp\/v2\/pages"}],"about":[{"href":"https:\/\/foster-little.com\/nl\/wp-json\/wp\/v2\/types\/page"}],"author":[{"embeddable":true,"href":"https:\/\/foster-little.com\/nl\/wp-json\/wp\/v2\/users\/1"}],"replies":[{"embeddable":true,"href":"https:\/\/foster-little.com\/nl\/wp-json\/wp\/v2\/comments?post=4763"}],"version-history":[{"count":9,"href":"https:\/\/foster-little.com\/nl\/wp-json\/wp\/v2\/pages\/4763\/revisions"}],"predecessor-version":[{"id":4777,"href":"https:\/\/foster-little.com\/nl\/wp-json\/wp\/v2\/pages\/4763\/revisions\/4777"}],"wp:attachment":[{"href":"https:\/\/foster-little.com\/nl\/wp-json\/wp\/v2\/media?parent=4763"}],"curies":[{"name":"wp","href":"https:\/\/api.w.org\/{rel}","templated":true}]}}