{"id":4778,"date":"2017-09-26T12:36:23","date_gmt":"2017-09-26T10:36:23","guid":{"rendered":"https:\/\/foster-little.com\/?page_id=4778"},"modified":"2017-09-26T13:00:50","modified_gmt":"2017-09-26T11:00:50","slug":"certificaties","status":"publish","type":"page","link":"https:\/\/foster-little.com\/nl\/certificaties\/","title":{"rendered":"Certificaties"},"content":{"rendered":"<p>[et_pb_section bb_built=&#8221;1&#8243; admin_label=&#8221;section&#8221; background_color=&#8221;#2ea3f2&#8243; inner_shadow=&#8221;on&#8221; fullwidth=&#8221;on&#8221;][et_pb_fullwidth_header admin_label=&#8221;Fullwidth Header&#8221; title=&#8221;Foster &amp; Little is gecertificeerd&#8221; subhead=&#8221;Om zijn klanten beter van dienst te zijn besloot Foster &amp; Little zich te laten certificeren door verschillende erkende keuringsinstellingen, elk gespecialiseerd in hun eigen domein.&#8221; background_layout=&#8221;dark&#8221; background_color=&#8221;#679810&#8243;] [\/et_pb_fullwidth_header][\/et_pb_section][et_pb_section bb_built=&#8221;1&#8243; admin_label=&#8221;Section&#8221;][et_pb_row admin_label=&#8221;Ligne&#8221;][et_pb_column type=&#8221;4_4&#8243;][et_pb_text admin_label=&#8221;Texte&#8221;]<\/p>\n<h4><strong>Foster &amp; Little besliste bijgevolg een certificaat aan te vragen in de volgende domeinen :<\/strong><\/h4>\n<ul>\n<li>Vorming<\/li>\n<li>Coaching<\/li>\n<li>Raadgeving<\/li>\n<\/ul>\n<p>[\/et_pb_text][\/et_pb_column][\/et_pb_row][et_pb_row admin_label=&#8221;Ligne&#8221;][et_pb_column type=&#8221;1_3&#8243;][et_pb_text admin_label=&#8221;Texte&#8221;]<\/p>\n<h4 style=\"text-align: center;\"><strong>QFOR Certificatie<\/strong><\/h4>\n<p>[\/et_pb_text][et_pb_image admin_label=&#8221;Image&#8221; src=&#8221;https:\/\/foster-little.com\/wp-content\/uploads\/2017\/05\/Qfor-Logo-150&#215;100.png&#8221; align=&#8221;center&#8221;] [\/et_pb_image][\/et_pb_column][et_pb_column type=&#8221;2_3&#8243;][et_pb_text admin_label=&#8221;Texte&#8221; text_orientation=&#8221;justified&#8221;]<\/p>\n<p>Foster &amp; Little verkreeg een erkenning door de enige in het specifieke domein van de vorming erkende keuringsbureau, te weten Qfor. Dat certificaat wordt toegekend op basis van een peiling naar tevredenheid uitgevoerd bij de klanten van Foster &amp; Little door een onafhankelijke instelling en op basis van een waardering van de deskundigheid van de onderneming in verschillende vakgebieden.<\/p>\n<p>Bij haar laatste keuring bekwam Foster &amp; Little een algemeen waarderingscijfer van 97,6 %.<\/p>\n<p><strong>Samengevat :<\/strong><\/p>\n<ul>\n<li>Algemene indruk : 97,6 % voldoening<\/li>\n<li>Uitvoering van de Vorming : 97,6%<\/li>\n<li>Opleiders : 97,6%<\/li>\n<li>Contacten en opvolgingen : 97,6 %<\/li>\n<\/ul>\n<p>[\/et_pb_text][\/et_pb_column][\/et_pb_row][et_pb_row admin_label=&#8221;Ligne&#8221; parallax_method_1=&#8221;off&#8221; parallax_method_2=&#8221;off&#8221; disabled_on=&#8221;on|on|on&#8221; disabled=&#8221;on&#8221;][et_pb_column type=&#8221;1_3&#8243;][et_pb_text admin_label=&#8221;Texte&#8221;]<\/p>\n<h4 style=\"text-align: center;\"><strong>ALIMENTO<\/strong><\/h4>\n<p>[\/et_pb_text][et_pb_image admin_label=&#8221;Image&#8221; src=&#8221;https:\/\/foster-little.com\/wp-content\/uploads\/2017\/05\/alimento.jpg&#8221; align=&#8221;center&#8221;] [\/et_pb_image][\/et_pb_column][et_pb_column type=&#8221;2_3&#8243;][et_pb_text admin_label=&#8221;Texte&#8221;]<\/p>\n<p>Foster &amp; Little est \u00e9galement agr\u00e9\u00e9 QFor Food ce qui nous permet d\u2019\u00eatre reconnu aupr\u00e8s de l\u2019IFP, le conseiller formation aupr\u00e8s de l\u2019industrie alimentaire.<br \/>\nLes soci\u00e9t\u00e9s du secteur b\u00e9n\u00e9ficieront d\u2019une part d\u2019une garantie de qualit\u00e9 et d\u2019autre part de r\u00e9ductions financi\u00e8res plus que substantielles, selon les formations, pour les travailleurs issus des CP 118 et 220.<\/p>\n<p>[\/et_pb_text][\/et_pb_column][\/et_pb_row][et_pb_row admin_label=&#8221;Ligne&#8221;][et_pb_column type=&#8221;1_3&#8243;][et_pb_text admin_label=&#8221;Texte&#8221;]<\/p>\n<h4 style=\"text-align: center;\"><strong>MBTI Certificatie<\/strong><\/h4>\n<p>[\/et_pb_text][et_pb_image admin_label=&#8221;Image&#8221; src=&#8221;https:\/\/foster-little.com\/wp-content\/uploads\/2017\/05\/125X125MBTI.jpg&#8221; align=&#8221;center&#8221;] [\/et_pb_image][\/et_pb_column][et_pb_column type=&#8221;2_3&#8243;][et_pb_text admin_label=&#8221;Texte&#8221; text_orientation=&#8221;justified&#8221;] Sommigen van onze medewerkers zijn houders van het certificaat Myers-Briggs Type Indicator (MBTI) Level 1 &amp; 2. Deze door Isabel Briggs Myers en Katherine Cook Briggs op punt gestelde test is een hulpmiddel om de overheersende psychologische eigenschappen van personen te identificeren. Deze heeft bij bedrijven zijn nut bewezen bij problemen in verband met management. Deze kan aangewend worden zowel voor problemen die te maken hebben met persoonlijke relaties als als hulp om beslissingen te nemen bij aanwervingen of bij loopbaanbegeleiding. [\/et_pb_text][\/et_pb_column][\/et_pb_row][et_pb_row admin_label=&#8221;Ligne&#8221;][et_pb_column type=&#8221;1_3&#8243;][et_pb_text admin_label=&#8221;Texte&#8221;]<\/p>\n<h4 style=\"text-align: center;\"><strong>Disc Certificatie<\/strong><\/h4>\n<p>[\/et_pb_text][et_pb_image admin_label=&#8221;Image&#8221; src=&#8221;https:\/\/foster-little.com\/wp-content\/uploads\/2017\/05\/125X125DISC.jpg&#8221; align=&#8221;center&#8221;] [\/et_pb_image][\/et_pb_column][et_pb_column type=&#8221;2_3&#8243;][et_pb_text admin_label=&#8221;Texte&#8221; text_orientation=&#8221;justified&#8221;] Sommigen van onze medewerkers zijn houders van een Disc certificaat. Disc is een waardevol instrument op gebied van omgang met mensen en begrip van hun gedrag. Het stelt iedereen in de gelegenheid om aan de hand van een vragenlijst beter te begrijpen hoe de eigen houding invloed heeft op anderen. Het is een zeer doeltreffend hulpmiddel zowel voor zaakvoerders voor het beheren van de teams dan voor commerciele medewerkers of anderen die contacten hebben met klanten . [\/et_pb_text][\/et_pb_column][\/et_pb_row][et_pb_row admin_label=&#8221;Ligne&#8221;][et_pb_column type=&#8221;1_3&#8243;][et_pb_text admin_label=&#8221;Texte&#8221;]<\/p>\n<h4 style=\"text-align: center;\"><strong>Insights Certificatie<\/strong><\/h4>\n<p>[\/et_pb_text][et_pb_image admin_label=&#8221;Image&#8221; src=&#8221;https:\/\/foster-little.com\/wp-content\/uploads\/2017\/05\/125X125INSIGHT.jpg&#8221; align=&#8221;center&#8221;] [\/et_pb_image][\/et_pb_column][et_pb_column type=&#8221;2_3&#8243;][et_pb_text admin_label=&#8221;Texte&#8221; text_orientation=&#8221;justified&#8221; background_layout=&#8221;light&#8221; use_border_color=&#8221;off&#8221; border_color=&#8221;#ffffff&#8221; border_style=&#8221;solid&#8221;]<\/p>\n<p>Sommigen onder onze medewerkers zijn houders van een Insight certificaat. Deze aanpak maakt het mogelijk, zoals DISC, en eveneens bij middel van een vragenlijst, om de verschillen in gedrag tussen personen te herkennen, op te waarderen en te benutten.Wat maakt dat mensen, ploegen en organisaties zichzelf overstijgen. Het is ongetwijfeld met DISC en met MBTI een van de beste hulpmiddelen om personen in staat te stellen zichzelf beter te begrijpen zowel wat hun persoonlijke stijl betreft als hun manier om met een anderen om te gaan en dit zowel in hun beroepsleven dan in hun priv\u00e9leven.<\/p>\n<p>[\/et_pb_text][\/et_pb_column][\/et_pb_row][et_pb_row admin_label=&#8221;Ligne&#8221;][et_pb_column type=&#8221;1_3&#8243;][et_pb_text admin_label=&#8221;Texte&#8221;]<\/p>\n<h4 style=\"text-align: center;\"><strong>Foster &amp; Little\u00a0is partner van AC<\/strong><\/h4>\n<p>[\/et_pb_text][et_pb_image admin_label=&#8221;Image&#8221; src=&#8221;https:\/\/foster-little.com\/wp-content\/uploads\/2017\/05\/Accreditation-canada.png&#8221; align=&#8221;center&#8221;] [\/et_pb_image][\/et_pb_column][et_pb_column type=&#8221;2_3&#8243;][et_pb_text admin_label=&#8221;Texte&#8221; background_layout=&#8221;light&#8221; text_orientation=&#8221;justified&#8221; use_border_color=&#8221;off&#8221; border_color=&#8221;#ffffff&#8221; border_style=&#8221;solid&#8221;]<\/p>\n<p>\u201cAccreditation Canada International\u00a0koos voor Foster &amp; Little als partner in de volgende landen: Belgi\u00eb, Frankrijk, Zwitserland, Monaco, Marokko, Algerije en Tunesi\u00eb.\u201d<\/p>\n<p>[\/et_pb_text][\/et_pb_column][\/et_pb_row][et_pb_row admin_label=&#8221;Ligne&#8221;][et_pb_column type=&#8221;1_3&#8243;][et_pb_text admin_label=&#8221;Texte&#8221; background_layout=&#8221;light&#8221; text_orientation=&#8221;left&#8221; use_border_color=&#8221;off&#8221; border_color=&#8221;#ffffff&#8221; border_style=&#8221;solid&#8221;]<\/p>\n<h4 style=\"text-align: center;\"><strong>ITIM Certificatie<\/strong><\/h4>\n<p>[\/et_pb_text][et_pb_image admin_label=&#8221;Image&#8221; src=&#8221;https:\/\/foster-little.com\/wp-content\/uploads\/2017\/05\/125X125ITIMINTERNATIONAL.jpg&#8221; align=&#8221;center&#8221;] [\/et_pb_image][\/et_pb_column][et_pb_column type=&#8221;2_3&#8243;][et_pb_text admin_label=&#8221;Texte&#8221; background_layout=&#8221;light&#8221; text_orientation=&#8221;justified&#8221; use_border_color=&#8221;off&#8221; border_color=&#8221;#ffffff&#8221; border_style=&#8221;solid&#8221;]<\/p>\n<p>ITIM is wereldwijd de expert op het gebied van nationale en organisatorische cultuur.\u00a0Foster\u00a0&amp; Little biedt haar klanten de mogelijkheid hun concurrentievermogen te vergroten door hen te voorzien van de kennis en de middelen die nodig zijn om een vruchtbare samenwerking met mensen uit verschillende culturele achtergronden te garanderen .\u00a0ITIM certificering is de\u00a0 verzekering\u00a0 van opleiding en advies op het gebied van cultuur en management. Het draagt bij aan de effectiviteit van zij die werken met mensen met verschillende culturele achtergronden.<\/p>\n<p>[\/et_pb_text][\/et_pb_column][\/et_pb_row][et_pb_row admin_label=&#8221;Ligne&#8221;][et_pb_column type=&#8221;4_4&#8243;][et_pb_text admin_label=&#8221;Texte&#8221; text_orientation=&#8221;right&#8221; background_layout=&#8221;light&#8221; use_border_color=&#8221;off&#8221; border_color=&#8221;#ffffff&#8221; border_style=&#8221;solid&#8221;]<\/p>\n<h4 style=\"text-align: left;\"><strong>Op het gebied van coaching :<\/strong><\/h4>\n<p>[\/et_pb_text][\/et_pb_column][\/et_pb_row][et_pb_row admin_label=&#8221;Ligne&#8221;][et_pb_column type=&#8221;1_3&#8243;][et_pb_text admin_label=&#8221;Texte&#8221; background_layout=&#8221;light&#8221; text_orientation=&#8221;left&#8221; use_border_color=&#8221;off&#8221; border_color=&#8221;#ffffff&#8221; border_style=&#8221;solid&#8221;]<\/p>\n<h4 style=\"text-align: center;\"><strong>ICF Certificatie<\/strong><\/h4>\n<p>[\/et_pb_text][et_pb_image admin_label=&#8221;Image&#8221; src=&#8221;https:\/\/foster-little.com\/wp-content\/uploads\/2017\/05\/125X125ICF.jpg&#8221; align=&#8221;center&#8221;] [\/et_pb_image][\/et_pb_column][et_pb_column type=&#8221;2_3&#8243;][et_pb_text admin_label=&#8221;Texte&#8221; background_layout=&#8221;light&#8221; text_orientation=&#8221;justified&#8221; use_border_color=&#8221;off&#8221; border_color=&#8221;#ffffff&#8221; border_style=&#8221;solid&#8221;]<\/p>\n<p>Een meerderheid coaches van Forster &amp; Little zijn houder van een ICF certificaat. Om dat internationaal certificaat te bekomen moeten de coaches aan strikte criteria beantwoorden (aantal uren vorming, praktijkoefeningen en supervisie) en er zich toe verbinden een beroepsethiek in acht te nemen bij de uitvoering van hun verschillende opdrachten, zowel in publieke instellingen als in private bedrijven.<\/p>\n<p>[\/et_pb_text][\/et_pb_column][\/et_pb_row][et_pb_row admin_label=&#8221;Ligne&#8221;][et_pb_column type=&#8221;4_4&#8243;][et_pb_button admin_label=&#8221;Bouton&#8221; button_url=&#8221;\/nl\/contact&#8221; button_text=&#8221;Verzoek om informatie ? &#8221; button_alignment=&#8221;left&#8221; custom_button=&#8221;on&#8221; button_text_color=&#8221;#ffffff&#8221; button_bg_color=&#8221;#cbd93e&#8221; button_icon=&#8221;%%138%%&#8221; background_color=&#8221;#7EBEC5&#8243; url_new_window=&#8221;off&#8221; background_layout=&#8221;light&#8221; button_letter_spacing=&#8221;0&#8243; button_use_icon=&#8221;default&#8221; button_icon_placement=&#8221;right&#8221; button_on_hover=&#8221;on&#8221; button_letter_spacing_hover=&#8221;0&#8243;] [\/et_pb_button][\/et_pb_column][\/et_pb_row][\/et_pb_section]<\/p>\n","protected":false},"excerpt":{"rendered":"<p>Foster &amp; Little besliste bijgevolg een certificaat aan te vragen in de volgende domeinen : Vorming Coaching Raadgeving QFOR Certificatie Foster &amp; Little verkreeg een erkenning door de enige in het specifieke domein van de vorming erkende keuringsbureau, te weten Qfor. Dat certificaat wordt toegekend op basis van een peiling naar tevredenheid uitgevoerd bij de [&hellip;]<\/p>\n","protected":false},"author":1,"featured_media":0,"parent":0,"menu_order":0,"comment_status":"closed","ping_status":"closed","template":"","meta":{"_et_pb_use_builder":"on","_et_pb_old_content":"","_et_gb_content_width":"","footnotes":""},"class_list":["post-4778","page","type-page","status-publish","hentry"],"yoast_head":"<!-- This site is optimized with the Yoast SEO plugin v27.5 - https:\/\/yoast.com\/product\/yoast-seo-wordpress\/ -->\n<title>Certificaties - Foster Little<\/title>\n<meta name=\"robots\" content=\"index, follow, max-snippet:-1, max-image-preview:large, max-video-preview:-1\" \/>\n<link rel=\"canonical\" href=\"https:\/\/foster-little.com\/nl\/certificaties\/\" \/>\n<meta property=\"og:locale\" content=\"nl_NL\" \/>\n<meta property=\"og:type\" content=\"article\" \/>\n<meta property=\"og:title\" content=\"Certificaties - Foster Little\" \/>\n<meta property=\"og:description\" content=\"Foster &amp; Little besliste bijgevolg een certificaat aan te vragen in de volgende domeinen : Vorming Coaching Raadgeving QFOR Certificatie Foster &amp; Little verkreeg een erkenning door de enige in het specifieke domein van de vorming erkende keuringsbureau, te weten Qfor. Dat certificaat wordt toegekend op basis van een peiling naar tevredenheid uitgevoerd bij de [&hellip;]\" \/>\n<meta property=\"og:url\" content=\"https:\/\/foster-little.com\/nl\/certificaties\/\" \/>\n<meta property=\"og:site_name\" content=\"Foster Little\" \/>\n<meta property=\"article:modified_time\" content=\"2017-09-26T11:00:50+00:00\" \/>\n<meta name=\"twitter:card\" content=\"summary_large_image\" \/>\n<meta name=\"twitter:label1\" content=\"Geschatte leestijd\" \/>\n\t<meta name=\"twitter:data1\" content=\"7 minuten\" \/>\n<script type=\"application\/ld+json\" class=\"yoast-schema-graph\">{\"@context\":\"https:\\\/\\\/schema.org\",\"@graph\":[{\"@type\":\"WebPage\",\"@id\":\"https:\\\/\\\/foster-little.com\\\/nl\\\/certificaties\\\/\",\"url\":\"https:\\\/\\\/foster-little.com\\\/nl\\\/certificaties\\\/\",\"name\":\"Certificaties - Foster Little\",\"isPartOf\":{\"@id\":\"https:\\\/\\\/foster-little.com\\\/#website\"},\"datePublished\":\"2017-09-26T10:36:23+00:00\",\"dateModified\":\"2017-09-26T11:00:50+00:00\",\"breadcrumb\":{\"@id\":\"https:\\\/\\\/foster-little.com\\\/nl\\\/certificaties\\\/#breadcrumb\"},\"inLanguage\":\"nl-NL\",\"potentialAction\":[{\"@type\":\"ReadAction\",\"target\":[\"https:\\\/\\\/foster-little.com\\\/nl\\\/certificaties\\\/\"]}]},{\"@type\":\"BreadcrumbList\",\"@id\":\"https:\\\/\\\/foster-little.com\\\/nl\\\/certificaties\\\/#breadcrumb\",\"itemListElement\":[{\"@type\":\"ListItem\",\"position\":1,\"name\":\"Accueil\",\"item\":\"https:\\\/\\\/foster-little.com\\\/nl\\\/\"},{\"@type\":\"ListItem\",\"position\":2,\"name\":\"Certificaties\"}]},{\"@type\":\"WebSite\",\"@id\":\"https:\\\/\\\/foster-little.com\\\/#website\",\"url\":\"https:\\\/\\\/foster-little.com\\\/\",\"name\":\"Foster Little\",\"description\":\"\",\"potentialAction\":[{\"@type\":\"SearchAction\",\"target\":{\"@type\":\"EntryPoint\",\"urlTemplate\":\"https:\\\/\\\/foster-little.com\\\/?s={search_term_string}\"},\"query-input\":{\"@type\":\"PropertyValueSpecification\",\"valueRequired\":true,\"valueName\":\"search_term_string\"}}],\"inLanguage\":\"nl-NL\"}]}<\/script>\n<!-- \/ Yoast SEO plugin. -->","yoast_head_json":{"title":"Certificaties - Foster Little","robots":{"index":"index","follow":"follow","max-snippet":"max-snippet:-1","max-image-preview":"max-image-preview:large","max-video-preview":"max-video-preview:-1"},"canonical":"https:\/\/foster-little.com\/nl\/certificaties\/","og_locale":"nl_NL","og_type":"article","og_title":"Certificaties - Foster Little","og_description":"Foster &amp; Little besliste bijgevolg een certificaat aan te vragen in de volgende domeinen : Vorming Coaching Raadgeving QFOR Certificatie Foster &amp; Little verkreeg een erkenning door de enige in het specifieke domein van de vorming erkende keuringsbureau, te weten Qfor. Dat certificaat wordt toegekend op basis van een peiling naar tevredenheid uitgevoerd bij de [&hellip;]","og_url":"https:\/\/foster-little.com\/nl\/certificaties\/","og_site_name":"Foster Little","article_modified_time":"2017-09-26T11:00:50+00:00","twitter_card":"summary_large_image","twitter_misc":{"Geschatte leestijd":"7 minuten"},"schema":{"@context":"https:\/\/schema.org","@graph":[{"@type":"WebPage","@id":"https:\/\/foster-little.com\/nl\/certificaties\/","url":"https:\/\/foster-little.com\/nl\/certificaties\/","name":"Certificaties - Foster Little","isPartOf":{"@id":"https:\/\/foster-little.com\/#website"},"datePublished":"2017-09-26T10:36:23+00:00","dateModified":"2017-09-26T11:00:50+00:00","breadcrumb":{"@id":"https:\/\/foster-little.com\/nl\/certificaties\/#breadcrumb"},"inLanguage":"nl-NL","potentialAction":[{"@type":"ReadAction","target":["https:\/\/foster-little.com\/nl\/certificaties\/"]}]},{"@type":"BreadcrumbList","@id":"https:\/\/foster-little.com\/nl\/certificaties\/#breadcrumb","itemListElement":[{"@type":"ListItem","position":1,"name":"Accueil","item":"https:\/\/foster-little.com\/nl\/"},{"@type":"ListItem","position":2,"name":"Certificaties"}]},{"@type":"WebSite","@id":"https:\/\/foster-little.com\/#website","url":"https:\/\/foster-little.com\/","name":"Foster Little","description":"","potentialAction":[{"@type":"SearchAction","target":{"@type":"EntryPoint","urlTemplate":"https:\/\/foster-little.com\/?s={search_term_string}"},"query-input":{"@type":"PropertyValueSpecification","valueRequired":true,"valueName":"search_term_string"}}],"inLanguage":"nl-NL"}]}},"_links":{"self":[{"href":"https:\/\/foster-little.com\/nl\/wp-json\/wp\/v2\/pages\/4778","targetHints":{"allow":["GET"]}}],"collection":[{"href":"https:\/\/foster-little.com\/nl\/wp-json\/wp\/v2\/pages"}],"about":[{"href":"https:\/\/foster-little.com\/nl\/wp-json\/wp\/v2\/types\/page"}],"author":[{"embeddable":true,"href":"https:\/\/foster-little.com\/nl\/wp-json\/wp\/v2\/users\/1"}],"replies":[{"embeddable":true,"href":"https:\/\/foster-little.com\/nl\/wp-json\/wp\/v2\/comments?post=4778"}],"version-history":[{"count":10,"href":"https:\/\/foster-little.com\/nl\/wp-json\/wp\/v2\/pages\/4778\/revisions"}],"predecessor-version":[{"id":4792,"href":"https:\/\/foster-little.com\/nl\/wp-json\/wp\/v2\/pages\/4778\/revisions\/4792"}],"wp:attachment":[{"href":"https:\/\/foster-little.com\/nl\/wp-json\/wp\/v2\/media?parent=4778"}],"curies":[{"name":"wp","href":"https:\/\/api.w.org\/{rel}","templated":true}]}}