{"id":4794,"date":"2017-09-26T13:08:06","date_gmt":"2017-09-26T11:08:06","guid":{"rendered":"https:\/\/foster-little.com\/?page_id=4794"},"modified":"2018-10-07T20:14:18","modified_gmt":"2018-10-07T18:14:18","slug":"medewerkers","status":"publish","type":"page","link":"https:\/\/foster-little.com\/nl\/medewerkers\/","title":{"rendered":"Medewerkers"},"content":{"rendered":"<p>[et_pb_section fb_built=&#8221;1&#8243; inner_shadow=&#8221;on&#8221; fullwidth=&#8221;on&#8221; admin_label=&#8221;section&#8221; _builder_version=&#8221;3.0.74&#8243; background_color=&#8221;#2ea3f2&#8243;][et_pb_fullwidth_header title=&#8221;Medewerkers&#8221; subhead=&#8221;Wij zijn ervan overtuigd dat alleen mensen die strategische functies hebben bekleed bekwaam zijn om deelnemers die hun mogelijkheden willen ontwikkelen op te leiden. Daarom moeten onze opleiders beschikken over minstens 15 jaar ervaring in bekende ondernemingen die vaak toonaangevend zijn in hun domein.&#8221; background_overlay_color=&#8221;#679810&#8243; admin_label=&#8221;Fullwidth Header&#8221; _builder_version=&#8221;3.16&#8243; background_color=&#8221;#679810&#8243; button_one_letter_spacing_hover=&#8221;0&#8243; button_two_letter_spacing_hover=&#8221;0&#8243; button_one_text_size__hover_enabled=&#8221;off&#8221; button_two_text_size__hover_enabled=&#8221;off&#8221; button_one_text_color__hover_enabled=&#8221;off&#8221; button_two_text_color__hover_enabled=&#8221;off&#8221; button_one_border_width__hover_enabled=&#8221;off&#8221; button_two_border_width__hover_enabled=&#8221;off&#8221; button_one_border_color__hover_enabled=&#8221;off&#8221; button_two_border_color__hover_enabled=&#8221;off&#8221; button_one_border_radius__hover_enabled=&#8221;off&#8221; button_two_border_radius__hover_enabled=&#8221;off&#8221; button_one_letter_spacing__hover_enabled=&#8221;on&#8221; button_one_letter_spacing__hover=&#8221;0&#8243; button_two_letter_spacing__hover_enabled=&#8221;on&#8221; button_two_letter_spacing__hover=&#8221;0&#8243; button_one_bg_color__hover_enabled=&#8221;off&#8221; button_two_bg_color__hover_enabled=&#8221;off&#8221;]&nbsp;<\/p>\n<p>&nbsp;[\/et_pb_fullwidth_header][\/et_pb_section][et_pb_section fb_built=&#8221;1&#8243; admin_label=&#8221;Section&#8221; _builder_version=&#8221;3.0.47&#8243;][et_pb_row admin_label=&#8221;Ligne&#8221; _builder_version=&#8221;3.0.48&#8243; background_size=&#8221;initial&#8221; background_position=&#8221;top_left&#8221; background_repeat=&#8221;repeat&#8221;][et_pb_column type=&#8221;2_3&#8243; _builder_version=&#8221;3.0.47&#8243; parallax=&#8221;off&#8221; parallax_method=&#8221;on&#8221;][et_pb_text admin_label=&#8221;Texte&#8221; _builder_version=&#8221;3.0.87&#8243; background_size=&#8221;initial&#8221; background_position=&#8221;top_left&#8221; background_repeat=&#8221;repeat&#8221; text_orientation=&#8221;justified&#8221; use_border_color=&#8221;off&#8221; border_color=&#8221;#ffffff&#8221; border_style=&#8221;solid&#8221;]<\/p>\n<p>&nbsp;<\/p>\n<h4 style=\"text-align: justify;\"><strong>Jean-Louis Festeraerts | Oprichter en CEO<\/strong><\/h4>\n<p style=\"text-align: justify;\"><img loading=\"lazy\" decoding=\"async\" class=\"size-full wp-image-3680 alignleft\" src=\"https:\/\/foster-little.com\/wp-content\/uploads\/2017\/05\/Jean-Louis-Festeraerts-Foster-Little.jpg\" alt=\"\" width=\"150\" height=\"193\" \/>Na managementfuncties te hebben waargenomen in Amerikaanse en Europese bedrijven (Xerox, Soci\u00e9t\u00e9 G\u00e9n\u00e9rale en Econocom) besliste Jean-Louis een tiental jaar geleden zich volledig te wijden aan vorming en coachen. Heden leidt hij Foster &amp; Little met slechts \u00e9\u00e9n doel voor ogen : de levenskwaliteit op de werkplek verhogen van de deelnemers aan de verschillende vormingen. Op academisch gebied is Jean-Louis verantwoordelijk voor de Afdeling Marketing in Avondlessen aan het EPHEC en Wetenschappelijk Co\u00f6rdinator voor het Diploma Bedrijfsvoering in de schoot van de ICHEC groep. Als coach begeleidt hij kaderleden en bedrijfsleiders van openbare en priv\u00e9ondernemingen in hun inspanningen om de door hen vastgelegde doelstellingen te bereiken.<br \/> \u201cIedereen is zich wel bewust van de gegrondheid van de voorschriften maar het is zeer moeilijk om ze toe te passen. Ik vertrek van de stelregel dat de mens, in tegenstelling met dieren en voorwerpen, bekwaam is om in alle vrijheid eigen keuzes te maken, afhankelijk van zijn waarden en doelstellingen\u2026 Indien een onderneming het beste uit zijn werknemers wilt halen moeten de verantwoordelijken eerbied opbrengen voor dit vermogen om keuzes te maken.\u201d<br \/> Fred Kofman, oud-professor aan het MIT, schrijver van het boek Conscious Business.<\/p>\n<p class=\"et-fb-mce-line-break-holder\" style=\"text-align: justify;\"><img loading=\"lazy\" decoding=\"async\" class=\"alignright\" src=\"https:\/\/foster-little.com\/wp-content\/uploads\/2017\/05\/btn_profile_bluetxt_80x15.png\" alt=\"View Jean-Louis Festeraerts's profile on LinkedIn\" width=\"80\" height=\"15\" border=\"0\" \/><\/p>\n<h4 class=\"\" style=\"text-align: justify;\"><strong>Michel Bienert<\/strong><\/h4>\n<p style=\"text-align: justify;\"><img loading=\"lazy\" decoding=\"async\" class=\"size-full wp-image-3687 alignleft\" src=\"https:\/\/foster-little.com\/wp-content\/uploads\/2017\/05\/Michel-Bienert-Foster-Little.jpg\" alt=\"\" width=\"150\" height=\"200\" \/>Michel begint zijn carri\u00e8re in de bureautica sector als Key-Accountmanager bij Rank Xerox alvorens als Sales Manager op te treden bij de firma\u2019s Fountain en B\u00e9b\u00e9 Confort. Vervolgens bekleedt hij voor Antalis, de Europese marktleider in distributie van papier, packaging en visual communication dragers, de functies van Regional Purchasing Manager en Business Unit Manager. Gesterkt door deze operationele business ervaringen vervoegt hij daarna als Managing Director Belux de Europese Markleider in verwarmingsketels, de firma BDR Thermea en later het beursgenoteerd concern Aalberts Industries als Managing Director van Comap Belux een andere marktleider in de verwarmingssector.<br \/> Michel is gedreven om ondernemingen te helpen bij het opdrijven van hun resultaten door de ontwikkeling van de competenties van de medewerkers en hun capaciteit om op een effici\u00ebnte manier samen te werken. Dankzij een internationale opvoeding spreekt hij vlot 4 talen en heeft hij een goede kennis van de culturele gevoeligheden in Multinationals met activiteiten in het buitenland. Michel heeft een bewezen ervaring met marketing strategie\u00ebn en reorganisaties van bedrijven alsook met fusies. Hij geeft opleidingen in het Nederlands, Engels, Frans en Duits.<\/p>\n<p class=\"et-fb-mce-line-break-holder\" style=\"text-align: justify;\"><img loading=\"lazy\" decoding=\"async\" class=\"alignright\" src=\"https:\/\/foster-little.com\/wp-content\/uploads\/2017\/05\/btn_profile_bluetxt_80x15.png\" alt=\"View Michel Bienert's profile on LinkedIn\" width=\"80\" height=\"15\" border=\"0\" \/><\/p>\n<h4 style=\"text-align: justify;\"><strong>Laurent Wybauw <\/strong><\/h4>\n<p style=\"text-align: justify;\"><img loading=\"lazy\" decoding=\"async\" class=\"size-full wp-image-3680 alignleft\" src=\"https:\/\/foster-little.com\/wp-content\/uploads\/2018\/07\/Laurent-Wybauw.jpg\" alt=\"\" width=\"150\" height=\"193\" \/>Laurent is afgestudeerd in Buitenlandse Handel en begint in 2001 zijn carri\u00e8re bij British Telecom in Amsterdam.<br \/> Hij ori\u00ebnteert zich vrij snel naar de verkoop door lid te worden van een van de belangrijkste onafhankelijke spelers in de papier- en kartonindustrie. Dankzij deze functie is hij actief is in de Benelux &#8211; Frankrijk en Duitsland, waar hij Europese en Noord-Amerikaanse fabrieken vertegenwoordigt. Dit in een sector in volle transitie. Hij maakt er verschillende fusies mee en voert er verschillende reorganisaties door. Deze zeer competitieve sector heeft Laurent in staat gesteld zich te ontwikkelen in crisismanagement en zich aan te passen in verschillende culturen. Laurent is dynamisch, communicatief en resultaatgericht. Later treedt hij toe tot het team van Reno di Medici, een toonaangevende Europese fabrikant van compact karton, en wordt er gepromoveerd tot Sales Manager voor verschillende Europese markten. Hier groeit zijn passie voor de complexiteit van de mens, teams en organisaties, change management en omgaan met de weerstanden welke deze kunnen opwekken. Gedurende verschillende jaren specialiseert hij zich in Mindfulness, Positieve Psychologie, NLP (neuro lingu\u00efstisch programmeren), Enneagram, MBTI, PCM alsook Emotionele Intelligentie. Hij heeft een opleiding gevolgd m.b.t. actieve pedagogie en is coach in de ICF-cursus van Coaching Ways Belgi\u00eb.<br \/> Door zijn succesvolle commerci\u00eble ervaring en zijn wil om zijn kennis en ervaring door te geven, heeft Laurent zich aangesloten bij Foster &amp; Little om teams en bedrijven te ondersteunen bij het bereiken van hun volledige potentieel betrefende performanter werken en welzijn. Laurent is drietalig Frans &#8211; Engels &#8211; Nederlands.<\/p>\n<p style=\"text-align: justify;\"><a href=\"https:\/\/www.linkedin.com\/in\/laurent-wybauw-abb2371b\/\"><img loading=\"lazy\" decoding=\"async\" class=\"alignright\" src=\"https:\/\/foster-little.com\/wp-content\/uploads\/2017\/05\/btn_profile_bluetxt_80x15.png\" alt=\"View Laurent's profile on LinkedIn\" width=\"80\" height=\"15\" border=\"0\" \/><\/a><\/p>\n<h4 style=\"text-align: justify;\"><strong>Bart Jacobs<\/strong><\/h4>\n<p style=\"text-align: justify;\"><img loading=\"lazy\" decoding=\"async\" class=\"size-full wp-image-3685 alignleft\" src=\"https:\/\/foster-little.com\/wp-content\/uploads\/2017\/05\/Bart-Jacobs-Foster-Little.jpg\" alt=\"\" width=\"150\" height=\"193\" \/>Bart Jacobs Na enkele jaren van verkoop en logistiek in de wereld van centrale verwarming en industri\u00eble bevestigingsmaterialen startte Bart een gevulde carri\u00e8re van 16 jaar binnen de telecom sector (Mobistar en Telenet).<br \/> Hij leerde de sector kennen als sales promotor waarbij hij ondersteuning gaf aan de verkopers in de shops. Op zoek naar nieuwe uitdagingen zette hij snel de stap naar het trainerschap. Daar ontdekte Bart zijn passie in het overbrengen van kennis en vaardigheden aan mensen.<br \/> Hij specialiseerde zich in verkooptechnieken, maar ook presentatietechnieken en coaching zijn niet ongekend voor hem.<br \/> Naast opleidingen geven en field coaching ondersteunde hij ook accountmanagers in hun leerevolutie d.m.v. leerpaden, certificatie en nieuwe manieren om klanten te benaderen.<br \/> Zijn passie voor het vak maakt van Bart een echte performer met een gedreven en professionele aanpak, en die qua stijl graag humor en interactie gebruikt om zijn doelstellingen te bereiken.<\/p>\n<p class=\"et-fb-mce-line-break-holder\" style=\"text-align: justify;\"><img loading=\"lazy\" decoding=\"async\" class=\"alignright\" src=\"https:\/\/foster-little.com\/wp-content\/uploads\/2017\/05\/btn_profile_bluetxt_80x15.png\" alt=\"View Bart's profile on LinkedIn\" width=\"80\" height=\"15\" border=\"0\" \/><\/p>\n<h4><strong>Sophie Van de Venne<\/strong><\/h4>\n<p><img loading=\"lazy\" decoding=\"async\" class=\"size-full wp-image-3681 alignleft\" src=\"https:\/\/foster-little.com\/wp-content\/uploads\/2017\/05\/Sophie-Van-de-Venne-Foster-Little.jpg\" alt=\"\" width=\"150\" height=\"193\" \/>Sophie begint haar loopbaan in het domein van de communicatie alvorens opdrachten uit te voeren als Account Manager bij Mobistar. Vervolgens bekleedt ze in dezelfde maatschappij de functies van Retail Marketing Expert Manager en van Head of Field Marketing. Gesterkt door dit succes vervoegt ze telefoonoperator Orange UK in Londen waar ze het team leidt dat verantwoordelijk is voor B2B communicatie. Houder van een diploma Marketing (Brussel) en van een Master diploma Consumentenpsychologie (University of London) is Sophie een geattesteerde coach, trainer en praktijkmeester in PNL. Sophie is gedreven om ondernemingen te helpen bij het opdrijven van hun resultaten door de ontwikkeling van diversiteit en inclusief leiderschap, een grote troef voor het prestatievermogen en concurrentievermogen van bedrijven. Tijdens verblijven in het buitenland (zeven jaar in Engeland en Maleisi\u00eb) toont Sophie veel belangstelling voor culturele uitwisseling en internationale betrekkingen. Ze ontwikkelde haar deskundigheid door het coachen van zaakvoerders en bedrijfsleiders uit de vier windstreken (Groot-Brittanni\u00eb, Itali\u00eb, Frankrijk, Maleisi\u00eb, Singapore, Australi\u00eb en India). De trainingen en coaching sessies kunnen gegeven worden in drie talen: Nederlands, Frans en Engels.<\/p>\n<h4><strong>Bart Maes<\/strong><\/h4>\n<p><img loading=\"lazy\" decoding=\"async\" class=\"size-full wp-image-5278 alignleft\" src=\"https:\/\/foster-little.com\/wp-content\/uploads\/2018\/02\/Bart-Maes-Foster-Little.jpg\" alt=\"\" width=\"150\" height=\"193\" \/>Bart Maes bouwde een eigen bedrijf uit tot een succesvolle en financieel kerngezonde KMO met een 50-tal medewerkers. Die ervaring van twintig jaar leverde hem heel wat nuttige knowhow op die hij wil delen met bedrijfsleiders en werknemers van KMO&#8217;s. Zijn expertise betreft enerzijds de missie en visie van bedrijven (bedrijfsidentiteit, waarden) en situeert zich anderzijds zowel op zakelijk (strategie, organisatie, marktwerking,..), als op menselijk vlak (talentontwikkeling, competentie- en communicatiemanagement, personeelsbeleid,&#8230;). Aangezien zijn bedrijf actief is in de certificatiewereld binnen de landbouw- en de voedingssector, is Bart heel vertrouwd met de voedingsbranche. Mensen aanwerven, begeleiden en coachen was altijd \u00e9\u00e9n van de kerntaken in zijn loopbaan. Bart is geboeid door mensen en heeft een ijzersterk geloof in hun eigen kracht. Hij is luistervaardig, sterk in brainstormen, dynamisch, doel- en resultaatgericht. Wederzijds respect, vertrouwen en open communicatie zijn voor Bart de basis voor een goede samenwerking. Respect, vertrouwen en communicatie brengen mensen bij elkaar en maken hen tot betrokken en gemotiveerde medewerkers.<br \/> Mensen trainen en coachen om die basishoudingen te stimuleren is Barts passie.<\/p>\n<h4 style=\"text-align: justify;\"><strong>Vincent de Mahieu<\/strong><\/h4>\n<p style=\"text-align: justify;\"><img loading=\"lazy\" decoding=\"async\" class=\"size-full wp-image-3692 alignleft\" src=\"https:\/\/foster-little.com\/wp-content\/uploads\/2017\/05\/Vincent-de-Mahieu.jpg\" alt=\"\" width=\"150\" height=\"193\" \/>Gediplomeerd in marketing, met als specialiteit distributie, begint Vincent zijn loopbaan in een \u201cDirect Marketing\u201d agentschap. Na deze eerste succesvolle ervaring, start hij zijn loopbaan in de automobielsector in de welke hij zeer snel als specialist wordt erkent. Hij begon als filiaaldirecteur van een Japanse constructeur in Gent voor dat hij bij Mercedes-Benz filiaaldirecteur wordt. Daarna vervoegd hij BMW waar hij eerst filiaaldirecteur wordt,om vervolgens verantwoordelijk te worden voor alle filialen van BMW belux.<br \/> Vooraleer Foster &amp; Little te vervoegen,eindigt hij zijn carriere in de automotive retail als directeur van een concessie van Ferrari en Maserati. Hij is EN specialist in management EN in sales en zal dus die opleidingen bevoorrechten . Tegelijkertijd zal hij de verantwoordelijkheid \u201cAutomotive\u201d bij Foster&amp;Little op zich nemen. Zijn lange ervaring op de vloer heeft van hem ook een specialist gemaakt van de relaties tussen vakbond en management. Het promoveren van de stimulaties van de interdepartementale relaties in de onderneming is voor hem \u00e9\u00e9n van de belangrijkste hefbomen voor het verbeteren van de resultaten.Vincent is perfect tweetalig en geeft opleidingen in heel het land.<\/p>\n<p class=\"et-fb-mce-line-break-holder\" style=\"text-align: justify;\"><img loading=\"lazy\" decoding=\"async\" class=\"alignright\" src=\"https:\/\/foster-little.com\/wp-content\/uploads\/2017\/05\/btn_profile_bluetxt_80x15.png\" alt=\"View Bart's profile on LinkedIn\" width=\"80\" height=\"15\" border=\"0\" \/><\/p>\n<p>&nbsp;<\/p>\n<p>&nbsp;<\/p>\n<p>[\/et_pb_text][et_pb_button button_url=&#8221;\/nl\/contact&#8221; button_text=&#8221;Verzoek om informatie ?&#8221; button_alignment=&#8221;left&#8221; admin_label=&#8221;Bouton&#8221; _builder_version=&#8221;3.16&#8243; custom_button=&#8221;on&#8221; button_text_color=&#8221;#ffffff&#8221; button_bg_color=&#8221;#cbd93e&#8221; button_use_icon=&#8221;default&#8221; button_icon=&#8221;%%138%%&#8221; button_letter_spacing_hover=&#8221;0&#8243; button_text_size__hover_enabled=&#8221;off&#8221; button_one_text_size__hover_enabled=&#8221;off&#8221; button_two_text_size__hover_enabled=&#8221;off&#8221; button_text_color__hover_enabled=&#8221;off&#8221; button_one_text_color__hover_enabled=&#8221;off&#8221; button_two_text_color__hover_enabled=&#8221;off&#8221; button_border_width__hover_enabled=&#8221;off&#8221; button_one_border_width__hover_enabled=&#8221;off&#8221; button_two_border_width__hover_enabled=&#8221;off&#8221; button_border_color__hover_enabled=&#8221;off&#8221; button_one_border_color__hover_enabled=&#8221;off&#8221; button_two_border_color__hover_enabled=&#8221;off&#8221; button_border_radius__hover_enabled=&#8221;off&#8221; button_one_border_radius__hover_enabled=&#8221;off&#8221; button_two_border_radius__hover_enabled=&#8221;off&#8221; button_letter_spacing__hover_enabled=&#8221;on&#8221; button_letter_spacing__hover=&#8221;0&#8243; button_one_letter_spacing__hover_enabled=&#8221;off&#8221; button_two_letter_spacing__hover_enabled=&#8221;off&#8221; button_bg_color__hover_enabled=&#8221;off&#8221; button_one_bg_color__hover_enabled=&#8221;off&#8221; button_two_bg_color__hover_enabled=&#8221;off&#8221;][\/et_pb_button][\/et_pb_column][et_pb_column type=&#8221;1_3&#8243; _builder_version=&#8221;3.0.47&#8243; parallax=&#8221;off&#8221; parallax_method=&#8221;on&#8221;][et_pb_sidebar orientation=&#8221;right&#8221; area=&#8221;sidebar-1&#8243; admin_label=&#8221;Sidebar&#8221; _builder_version=&#8221;3.0.74&#8243;][\/et_pb_sidebar][\/et_pb_column][\/et_pb_row][\/et_pb_section]<\/p>\n","protected":false},"excerpt":{"rendered":"<p>&nbsp; &nbsp;&nbsp; Jean-Louis Festeraerts | Oprichter en CEO Na managementfuncties te hebben waargenomen in Amerikaanse en Europese bedrijven (Xerox, Soci\u00e9t\u00e9 G\u00e9n\u00e9rale en Econocom) besliste Jean-Louis een tiental jaar geleden zich volledig te wijden aan vorming en coachen. Heden leidt hij Foster &amp; Little met slechts \u00e9\u00e9n doel voor ogen : de levenskwaliteit op de werkplek [&hellip;]<\/p>\n","protected":false},"author":1,"featured_media":0,"parent":0,"menu_order":0,"comment_status":"closed","ping_status":"closed","template":"","meta":{"_et_pb_use_builder":"on","_et_pb_old_content":"","_et_gb_content_width":"","footnotes":""},"class_list":["post-4794","page","type-page","status-publish","hentry"],"yoast_head":"<!-- This site is optimized with the Yoast SEO plugin v24.8.1 - https:\/\/yoast.com\/wordpress\/plugins\/seo\/ -->\n<title>Medewerkers - Foster Little<\/title>\n<meta name=\"robots\" content=\"index, follow, max-snippet:-1, max-image-preview:large, max-video-preview:-1\" \/>\n<link rel=\"canonical\" href=\"https:\/\/foster-little.com\/nl\/medewerkers\/\" \/>\n<meta property=\"og:locale\" content=\"nl_NL\" \/>\n<meta property=\"og:type\" content=\"article\" \/>\n<meta property=\"og:title\" content=\"Medewerkers - Foster Little\" \/>\n<meta property=\"og:description\" content=\"&nbsp; &nbsp;&nbsp; Jean-Louis Festeraerts | Oprichter en CEO Na managementfuncties te hebben waargenomen in Amerikaanse en Europese bedrijven (Xerox, Soci\u00e9t\u00e9 G\u00e9n\u00e9rale en Econocom) besliste Jean-Louis een tiental jaar geleden zich volledig te wijden aan vorming en coachen. Heden leidt hij Foster &amp; Little met slechts \u00e9\u00e9n doel voor ogen : de levenskwaliteit op de werkplek [&hellip;]\" \/>\n<meta property=\"og:url\" content=\"https:\/\/foster-little.com\/nl\/medewerkers\/\" \/>\n<meta property=\"og:site_name\" content=\"Foster Little\" \/>\n<meta property=\"article:modified_time\" content=\"2018-10-07T18:14:18+00:00\" \/>\n<meta property=\"og:image\" content=\"https:\/\/foster-little.com\/wp-content\/uploads\/2017\/03\/Jean-Louis-Festeraerts-Foster-Little.jpg\" \/>\n\t<meta property=\"og:image:width\" content=\"150\" \/>\n\t<meta property=\"og:image:height\" content=\"193\" \/>\n\t<meta property=\"og:image:type\" content=\"image\/jpeg\" \/>\n<meta name=\"twitter:card\" content=\"summary_large_image\" \/>\n<meta name=\"twitter:label1\" content=\"Geschatte leestijd\" \/>\n\t<meta name=\"twitter:data1\" content=\"9 minuten\" \/>\n<script type=\"application\/ld+json\" class=\"yoast-schema-graph\">{\"@context\":\"https:\/\/schema.org\",\"@graph\":[{\"@type\":\"WebPage\",\"@id\":\"https:\/\/foster-little.com\/nl\/medewerkers\/\",\"url\":\"https:\/\/foster-little.com\/nl\/medewerkers\/\",\"name\":\"Medewerkers - Foster Little\",\"isPartOf\":{\"@id\":\"https:\/\/foster-little.com\/#website\"},\"primaryImageOfPage\":{\"@id\":\"https:\/\/foster-little.com\/nl\/medewerkers\/#primaryimage\"},\"image\":{\"@id\":\"https:\/\/foster-little.com\/nl\/medewerkers\/#primaryimage\"},\"thumbnailUrl\":\"https:\/\/foster-little.com\/wp-content\/uploads\/2017\/05\/Jean-Louis-Festeraerts-Foster-Little.jpg\",\"datePublished\":\"2017-09-26T11:08:06+00:00\",\"dateModified\":\"2018-10-07T18:14:18+00:00\",\"breadcrumb\":{\"@id\":\"https:\/\/foster-little.com\/nl\/medewerkers\/#breadcrumb\"},\"inLanguage\":\"nl-NL\",\"potentialAction\":[{\"@type\":\"ReadAction\",\"target\":[\"https:\/\/foster-little.com\/nl\/medewerkers\/\"]}]},{\"@type\":\"ImageObject\",\"inLanguage\":\"nl-NL\",\"@id\":\"https:\/\/foster-little.com\/nl\/medewerkers\/#primaryimage\",\"url\":\"https:\/\/foster-little.com\/wp-content\/uploads\/2017\/05\/Jean-Louis-Festeraerts-Foster-Little.jpg\",\"contentUrl\":\"https:\/\/foster-little.com\/wp-content\/uploads\/2017\/05\/Jean-Louis-Festeraerts-Foster-Little.jpg\"},{\"@type\":\"BreadcrumbList\",\"@id\":\"https:\/\/foster-little.com\/nl\/medewerkers\/#breadcrumb\",\"itemListElement\":[{\"@type\":\"ListItem\",\"position\":1,\"name\":\"Accueil\",\"item\":\"https:\/\/foster-little.com\/nl\/\"},{\"@type\":\"ListItem\",\"position\":2,\"name\":\"Medewerkers\"}]},{\"@type\":\"WebSite\",\"@id\":\"https:\/\/foster-little.com\/#website\",\"url\":\"https:\/\/foster-little.com\/\",\"name\":\"Foster Little\",\"description\":\"\",\"potentialAction\":[{\"@type\":\"SearchAction\",\"target\":{\"@type\":\"EntryPoint\",\"urlTemplate\":\"https:\/\/foster-little.com\/?s={search_term_string}\"},\"query-input\":{\"@type\":\"PropertyValueSpecification\",\"valueRequired\":true,\"valueName\":\"search_term_string\"}}],\"inLanguage\":\"nl-NL\"}]}<\/script>\n<!-- \/ Yoast SEO plugin. -->","yoast_head_json":{"title":"Medewerkers - Foster Little","robots":{"index":"index","follow":"follow","max-snippet":"max-snippet:-1","max-image-preview":"max-image-preview:large","max-video-preview":"max-video-preview:-1"},"canonical":"https:\/\/foster-little.com\/nl\/medewerkers\/","og_locale":"nl_NL","og_type":"article","og_title":"Medewerkers - Foster Little","og_description":"&nbsp; &nbsp;&nbsp; Jean-Louis Festeraerts | Oprichter en CEO Na managementfuncties te hebben waargenomen in Amerikaanse en Europese bedrijven (Xerox, Soci\u00e9t\u00e9 G\u00e9n\u00e9rale en Econocom) besliste Jean-Louis een tiental jaar geleden zich volledig te wijden aan vorming en coachen. Heden leidt hij Foster &amp; Little met slechts \u00e9\u00e9n doel voor ogen : de levenskwaliteit op de werkplek [&hellip;]","og_url":"https:\/\/foster-little.com\/nl\/medewerkers\/","og_site_name":"Foster Little","article_modified_time":"2018-10-07T18:14:18+00:00","og_image":[{"width":150,"height":193,"url":"https:\/\/foster-little.com\/wp-content\/uploads\/2017\/03\/Jean-Louis-Festeraerts-Foster-Little.jpg","type":"image\/jpeg"}],"twitter_card":"summary_large_image","twitter_misc":{"Geschatte leestijd":"9 minuten"},"schema":{"@context":"https:\/\/schema.org","@graph":[{"@type":"WebPage","@id":"https:\/\/foster-little.com\/nl\/medewerkers\/","url":"https:\/\/foster-little.com\/nl\/medewerkers\/","name":"Medewerkers - Foster Little","isPartOf":{"@id":"https:\/\/foster-little.com\/#website"},"primaryImageOfPage":{"@id":"https:\/\/foster-little.com\/nl\/medewerkers\/#primaryimage"},"image":{"@id":"https:\/\/foster-little.com\/nl\/medewerkers\/#primaryimage"},"thumbnailUrl":"https:\/\/foster-little.com\/wp-content\/uploads\/2017\/05\/Jean-Louis-Festeraerts-Foster-Little.jpg","datePublished":"2017-09-26T11:08:06+00:00","dateModified":"2018-10-07T18:14:18+00:00","breadcrumb":{"@id":"https:\/\/foster-little.com\/nl\/medewerkers\/#breadcrumb"},"inLanguage":"nl-NL","potentialAction":[{"@type":"ReadAction","target":["https:\/\/foster-little.com\/nl\/medewerkers\/"]}]},{"@type":"ImageObject","inLanguage":"nl-NL","@id":"https:\/\/foster-little.com\/nl\/medewerkers\/#primaryimage","url":"https:\/\/foster-little.com\/wp-content\/uploads\/2017\/05\/Jean-Louis-Festeraerts-Foster-Little.jpg","contentUrl":"https:\/\/foster-little.com\/wp-content\/uploads\/2017\/05\/Jean-Louis-Festeraerts-Foster-Little.jpg"},{"@type":"BreadcrumbList","@id":"https:\/\/foster-little.com\/nl\/medewerkers\/#breadcrumb","itemListElement":[{"@type":"ListItem","position":1,"name":"Accueil","item":"https:\/\/foster-little.com\/nl\/"},{"@type":"ListItem","position":2,"name":"Medewerkers"}]},{"@type":"WebSite","@id":"https:\/\/foster-little.com\/#website","url":"https:\/\/foster-little.com\/","name":"Foster Little","description":"","potentialAction":[{"@type":"SearchAction","target":{"@type":"EntryPoint","urlTemplate":"https:\/\/foster-little.com\/?s={search_term_string}"},"query-input":{"@type":"PropertyValueSpecification","valueRequired":true,"valueName":"search_term_string"}}],"inLanguage":"nl-NL"}]}},"_links":{"self":[{"href":"https:\/\/foster-little.com\/nl\/wp-json\/wp\/v2\/pages\/4794","targetHints":{"allow":["GET"]}}],"collection":[{"href":"https:\/\/foster-little.com\/nl\/wp-json\/wp\/v2\/pages"}],"about":[{"href":"https:\/\/foster-little.com\/nl\/wp-json\/wp\/v2\/types\/page"}],"author":[{"embeddable":true,"href":"https:\/\/foster-little.com\/nl\/wp-json\/wp\/v2\/users\/1"}],"replies":[{"embeddable":true,"href":"https:\/\/foster-little.com\/nl\/wp-json\/wp\/v2\/comments?post=4794"}],"version-history":[{"count":6,"href":"https:\/\/foster-little.com\/nl\/wp-json\/wp\/v2\/pages\/4794\/revisions"}],"predecessor-version":[{"id":5628,"href":"https:\/\/foster-little.com\/nl\/wp-json\/wp\/v2\/pages\/4794\/revisions\/5628"}],"wp:attachment":[{"href":"https:\/\/foster-little.com\/nl\/wp-json\/wp\/v2\/media?parent=4794"}],"curies":[{"name":"wp","href":"https:\/\/api.w.org\/{rel}","templated":true}]}}